{"id":3384,"date":"2024-07-19T14:13:44","date_gmt":"2024-07-19T14:13:44","guid":{"rendered":"https:\/\/agatahoffa.com\/?page_id=3384"},"modified":"2026-03-24T10:43:24","modified_gmt":"2026-03-24T10:43:24","slug":"sklep","status":"publish","type":"page","link":"https:\/\/agatahoffa.com\/en\/sklep\/","title":{"rendered":"Sklep"},"content":{"rendered":"<div data-elementor-type=\"wp-page\" data-elementor-id=\"3384\" class=\"elementor elementor-3384\">\n\t\t\t\t\t\t<section class=\"elementor-section elementor-top-section elementor-element elementor-element-3156038 elementor-section-boxed elementor-section-height-default elementor-section-height-default\" data-id=\"3156038\" data-element_type=\"section\">\n\t\t\t\t\t\t<div class=\"elementor-container elementor-column-gap-no\">\n\t\t\t\t\t<div class=\"elementor-column elementor-col-100 elementor-top-column elementor-element elementor-element-e32ad0d\" data-id=\"e32ad0d\" data-element_type=\"column\">\n\t\t\t<div class=\"elementor-widget-wrap elementor-element-populated\">\n\t\t\t\t\t\t<div class=\"elementor-element elementor-element-abc12ff elementor-invisible elementor-widget elementor-widget-heading\" data-id=\"abc12ff\" data-element_type=\"widget\" data-settings=\"{&quot;_animation&quot;:&quot;h-neuron-animation--fadeIn&quot;}\" data-widget_type=\"heading.default\">\n\t\t\t\t<div class=\"elementor-widget-container\">\n\t\t\t<style>\/*! elementor - v3.23.0 - 15-07-2024 *\/\n.elementor-heading-title{padding:0;margin:0;line-height:1}.elementor-widget-heading .elementor-heading-title[class*=elementor-size-]>a{color:inherit;font-size:inherit;line-height:inherit}.elementor-widget-heading .elementor-heading-title.elementor-size-small{font-size:15px}.elementor-widget-heading .elementor-heading-title.elementor-size-medium{font-size:19px}.elementor-widget-heading .elementor-heading-title.elementor-size-large{font-size:29px}.elementor-widget-heading .elementor-heading-title.elementor-size-xl{font-size:39px}.elementor-widget-heading .elementor-heading-title.elementor-size-xxl{font-size:59px}<\/style><h3 class=\"elementor-heading-title elementor-size-default\">Sklep<\/h3>\t\t<\/div>\n\t\t\t\t<\/div>\n\t\t\t\t\t<\/div>\n\t\t<\/div>\n\t\t\t\t\t<\/div>\n\t\t<\/section>\n\t\t\t\t<section class=\"elementor-section elementor-top-section elementor-element elementor-element-c2070c9 elementor-section-full_width n-akko-container--wide elementor-section-height-default elementor-section-height-default elementor-invisible\" data-id=\"c2070c9\" data-element_type=\"section\" data-settings=\"{&quot;animation&quot;:&quot;h-neuron-animation--clipUp&quot;}\">\n\t\t\t\t\t\t<div class=\"elementor-container elementor-column-gap-no\">\n\t\t\t\t\t<div class=\"elementor-column elementor-col-100 elementor-top-column elementor-element elementor-element-71e251d\" data-id=\"71e251d\" data-element_type=\"column\">\n\t\t\t<div class=\"elementor-widget-wrap elementor-element-populated\">\n\t\t\t\t\t\t<div class=\"elementor-element elementor-element-215f0e7 l-neuron-grid-wrapper--columns__3 l-neuron-grid-wrapper-tablet--columns__2 l-neuron-grid-wrapper-mobile--columns__1 m-neuron-posts--layout-grid m-neuron-product__add-to-cart--position-inside m-neuron-product__add-to-cart--h-justified elementor-invisible elementor-widget elementor-widget-neuron-woo-products\" data-id=\"215f0e7\" data-element_type=\"widget\" data-settings=\"{&quot;row_gap&quot;:{&quot;unit&quot;:&quot;px&quot;,&quot;size&quot;:48,&quot;sizes&quot;:[]},&quot;columns&quot;:&quot;3&quot;,&quot;columns_tablet&quot;:&quot;2&quot;,&quot;columns_mobile&quot;:&quot;1&quot;,&quot;carousel&quot;:&quot;no&quot;,&quot;layout&quot;:&quot;grid&quot;,&quot;pagination&quot;:&quot;none&quot;,&quot;row_gap_tablet&quot;:{&quot;unit&quot;:&quot;px&quot;,&quot;size&quot;:&quot;&quot;,&quot;sizes&quot;:[]},&quot;row_gap_mobile&quot;:{&quot;unit&quot;:&quot;px&quot;,&quot;size&quot;:&quot;&quot;,&quot;sizes&quot;:[]},&quot;animation&quot;:&quot;yes&quot;,&quot;neuron_animations&quot;:&quot;h-neuron-animation--slideUp&quot;,&quot;neuron_animations_duration&quot;:&quot;animated&quot;,&quot;animation_delay&quot;:0}\" data-widget_type=\"neuron-woo-products.default\">\n\t\t\t\t<div class=\"elementor-widget-container\">\n\t\t\t\t\t<div class=\"m-neuron-filters\" aria-label=\"Filters\">\r\n\t\t\t<ul >\r\n\t\t\t\t\t\t\t\t\t<li class=\"m-neuron-filters__item active\" data-filter=\"*\">Wszystkie<\/li>\r\n\t\t\t\t\r\n\t\t\t\t\t\t\t\t\t<li class=\"m-neuron-filters__item\" data-filter=\"product_cat-konsultacja\">Konsultacja<\/li>\r\n\t\t\t\t\t\t\t\t\t<li class=\"m-neuron-filters__item\" data-filter=\"product_cat-produkt\">Produkt<\/li>\r\n\t\t\t\t\t\t\t\t\t<li class=\"m-neuron-filters__item\" data-filter=\"product_cat-mastermind-online\">Mastermind online<\/li>\r\n\t\t\t\t\t\t\t\t\t<li class=\"m-neuron-filters__item\" data-filter=\"product_cat-ukryte\">ukryte<\/li>\r\n\t\t\t\t\t\t\t<\/ul>\r\n\t\t<\/div>\r\n\t\t\t\t\t\t\t\t\t\t\t\t<div class=\"l-neuron-grid products\" data-masonry-id=\"1d978bcee2bdc7b8ccc9a7dded4727b1\">\r\n\t\t\t\t\t\t\t\t\t\t\t\t<article class=\"l-neuron-grid__item h-neuron-animation--wow m-neuron-product m-neuron-post post-8905 product type-product status-publish has-post-thumbnail product_cat-konsultacja first instock downloadable virtual purchasable product-type-simple\" data-id=\"8905\">\r\n\t\t\t\t\t\t\t\t<div class=\"m-neuron-post__inner m-neuron-product__inner\">\r\n\t\t\t\t\t\t\t\t\t<div class=\"m-neuron-post__thumbnail--link m-neuron-product__thumbnail--link\" ><div class=\"m-neuron-product__overlay\"><span class=\"m-neuron-product__add-to-cart\"><a href=\"?add-to-cart=8905\" rel=\"nofollow\" data-product_id=\"8905\" data-product_sku=\"\" class=\"button ajax_add_to_cart add_to_cart_button product_type_simple\">\r\n\t\t\t\t\t\t\t<span>Dodaj do koszyka<\/span>\r\n\t\t\t\t\t\t\t\r\n\t\t\t\t\t\t<\/a><\/span><\/div><a class=\"m-neuron-product__permalink\" href=\"https:\/\/agatahoffa.com\/en\/product\/mapa-biznesu\/\"><div class=\"m-neuron-post__thumbnail m-neuron-product__thumbnail\"><img fetchpriority=\"high\" decoding=\"async\" width=\"1024\" height=\"1024\" src=\"https:\/\/agatahoffa.com\/wp-content\/uploads\/2025\/12\/Mapa-biznesu-1024x1024.jpg\" class=\"attachment-large size-large wp-post-image\" alt=\"\" srcset=\"https:\/\/agatahoffa.com\/wp-content\/uploads\/2025\/12\/Mapa-biznesu-1024x1024.jpg 1024w, https:\/\/agatahoffa.com\/wp-content\/uploads\/2025\/12\/Mapa-biznesu-300x300.jpg 300w, https:\/\/agatahoffa.com\/wp-content\/uploads\/2025\/12\/Mapa-biznesu-150x150.jpg 150w, https:\/\/agatahoffa.com\/wp-content\/uploads\/2025\/12\/Mapa-biznesu-768x768.jpg 768w, https:\/\/agatahoffa.com\/wp-content\/uploads\/2025\/12\/Mapa-biznesu-1536x1536.jpg 1536w, https:\/\/agatahoffa.com\/wp-content\/uploads\/2025\/12\/Mapa-biznesu-2048x2048.jpg 2048w, https:\/\/agatahoffa.com\/wp-content\/uploads\/2025\/12\/Mapa-biznesu-12x12.jpg 12w, https:\/\/agatahoffa.com\/wp-content\/uploads\/2025\/12\/Mapa-biznesu-600x600.jpg 600w, https:\/\/agatahoffa.com\/wp-content\/uploads\/2025\/12\/Mapa-biznesu-100x100.jpg 100w\" sizes=\"(max-width: 1024px) 100vw, 1024px\" \/><\/div><\/a><\/div>\r\n\t\t\t\t\t\t\t\t\t<div class=\"m-neuron-post__text m-neuron-product__content\">\r\n\t\t\t\t\t\t\t\t\t\t<h3 class=\"m-neuron-product__title\"><a href=\"https:\/\/agatahoffa.com\/en\/product\/mapa-biznesu\/\">Mapa biznesu<\/a><\/h3>\t\t\t\t\t\t\t\t\t\t\t\t\t\t\t\t\t\t\t\t<span class=\"m-neuron-product__price\"><span class=\"woocommerce-Price-amount amount\">750,00&nbsp;<span class=\"woocommerce-Price-currencySymbol\">&#122;&#322;<\/span><\/span><\/span>\t\t\t\t\t\t\t\t\t\t\t\t\t\t\t\t\t\t\t<\/div>\r\n\r\n\t\t\t\t\t\t\t\t\t\t\t\t\t\t\t\t\t<\/div>\r\n\t\t\t\t\t\t\t<\/article>\r\n\t\t\t\t\t\t\t\t\t\t\t\t\t\t<article class=\"l-neuron-grid__item h-neuron-animation--wow m-neuron-product m-neuron-post post-8836 product type-product status-publish has-post-thumbnail product_cat-produkt  instock downloadable virtual purchasable product-type-simple\" data-id=\"8836\">\r\n\t\t\t\t\t\t\t\t<div class=\"m-neuron-post__inner m-neuron-product__inner\">\r\n\t\t\t\t\t\t\t\t\t<div class=\"m-neuron-post__thumbnail--link m-neuron-product__thumbnail--link\" ><div class=\"m-neuron-product__overlay\"><span class=\"m-neuron-product__add-to-cart\"><a href=\"?add-to-cart=8836\" rel=\"nofollow\" data-product_id=\"8836\" data-product_sku=\"\" class=\"button ajax_add_to_cart add_to_cart_button product_type_simple\">\r\n\t\t\t\t\t\t\t<span>Dodaj do koszyka<\/span>\r\n\t\t\t\t\t\t\t\r\n\t\t\t\t\t\t<\/a><\/span><\/div><a class=\"m-neuron-product__permalink\" href=\"https:\/\/agatahoffa.com\/en\/product\/masterclass-prokrastynacja-i-regularnosc-jak-budowac-rytm-pracy-w-biznesie-mimo-adhd\/\"><div class=\"m-neuron-post__thumbnail m-neuron-product__thumbnail\"><img decoding=\"async\" width=\"1024\" height=\"1024\" src=\"https:\/\/agatahoffa.com\/wp-content\/uploads\/2025\/11\/materclass-1024x1024.jpg\" class=\"attachment-large size-large wp-post-image\" alt=\"\" srcset=\"https:\/\/agatahoffa.com\/wp-content\/uploads\/2025\/11\/materclass-1024x1024.jpg 1024w, https:\/\/agatahoffa.com\/wp-content\/uploads\/2025\/11\/materclass-300x300.jpg 300w, https:\/\/agatahoffa.com\/wp-content\/uploads\/2025\/11\/materclass-150x150.jpg 150w, https:\/\/agatahoffa.com\/wp-content\/uploads\/2025\/11\/materclass-768x768.jpg 768w, https:\/\/agatahoffa.com\/wp-content\/uploads\/2025\/11\/materclass-1536x1536.jpg 1536w, https:\/\/agatahoffa.com\/wp-content\/uploads\/2025\/11\/materclass-2048x2048.jpg 2048w, https:\/\/agatahoffa.com\/wp-content\/uploads\/2025\/11\/materclass-12x12.jpg 12w, https:\/\/agatahoffa.com\/wp-content\/uploads\/2025\/11\/materclass-600x600.jpg 600w, https:\/\/agatahoffa.com\/wp-content\/uploads\/2025\/11\/materclass-100x100.jpg 100w\" sizes=\"(max-width: 1024px) 100vw, 1024px\" \/><\/div><\/a><\/div>\r\n\t\t\t\t\t\t\t\t\t<div class=\"m-neuron-post__text m-neuron-product__content\">\r\n\t\t\t\t\t\t\t\t\t\t<h3 class=\"m-neuron-product__title\"><a href=\"https:\/\/agatahoffa.com\/en\/product\/masterclass-prokrastynacja-i-regularnosc-jak-budowac-rytm-pracy-w-biznesie-mimo-adhd\/\">Masterclass: Prokrastynacja i regularno\u015b\u0107 \u2013 jak budowa\u0107 rytm pracy w biznesie mimo ADHD?<\/a><\/h3>\t\t\t\t\t\t\t\t\t\t\t\t\t\t\t\t\t\t\t\t<span class=\"m-neuron-product__price\"><span class=\"woocommerce-Price-amount amount\">129,00&nbsp;<span class=\"woocommerce-Price-currencySymbol\">&#122;&#322;<\/span><\/span><\/span>\t\t\t\t\t\t\t\t\t\t\t\t\t\t\t\t\t\t\t<\/div>\r\n\r\n\t\t\t\t\t\t\t\t\t\t\t\t\t\t\t\t\t<\/div>\r\n\t\t\t\t\t\t\t<\/article>\r\n\t\t\t\t\t\t\t\t\t\t\t\t\t\t<article class=\"l-neuron-grid__item h-neuron-animation--wow m-neuron-product m-neuron-post post-5289 product type-product status-publish has-post-thumbnail product_cat-mastermind-online product_tag-adhd product_tag-mastermind  instock shipping-taxable purchasable product-type-variable\" data-id=\"5289\">\r\n\t\t\t\t\t\t\t\t<div class=\"m-neuron-post__inner m-neuron-product__inner\">\r\n\t\t\t\t\t\t\t\t\t<div class=\"m-neuron-post__thumbnail--link m-neuron-product__thumbnail--link\" ><div class=\"m-neuron-product__overlay\"><span class=\"m-neuron-product__add-to-cart\"><a href=\"https:\/\/agatahoffa.com\/en\/product\/6-miesieczny-mastermind-adhd-support-dla-przedsiebiorcow-z-adhd\/\" rel=\"nofollow\" data-product_id=\"5289\" data-product_sku=\"\" class=\"button ajax_add_to_cart add_to_cart_button product_type_variable\">\r\n\t\t\t\t\t\t\t<span>Dodaj do koszyka<\/span>\r\n\t\t\t\t\t\t\t\r\n\t\t\t\t\t\t<\/a><\/span><\/div><a class=\"m-neuron-product__permalink\" href=\"https:\/\/agatahoffa.com\/en\/product\/6-miesieczny-mastermind-adhd-support-dla-przedsiebiorcow-z-adhd\/\"><div class=\"m-neuron-post__thumbnail m-neuron-product__thumbnail\"><img decoding=\"async\" width=\"1024\" height=\"1024\" src=\"https:\/\/agatahoffa.com\/wp-content\/uploads\/2024\/09\/Mastermind-ADHD-Friendly-1024x1024.jpg\" class=\"attachment-large size-large wp-post-image\" alt=\"\" srcset=\"https:\/\/agatahoffa.com\/wp-content\/uploads\/2024\/09\/Mastermind-ADHD-Friendly-1024x1024.jpg 1024w, https:\/\/agatahoffa.com\/wp-content\/uploads\/2024\/09\/Mastermind-ADHD-Friendly-300x300.jpg 300w, https:\/\/agatahoffa.com\/wp-content\/uploads\/2024\/09\/Mastermind-ADHD-Friendly-150x150.jpg 150w, https:\/\/agatahoffa.com\/wp-content\/uploads\/2024\/09\/Mastermind-ADHD-Friendly-768x768.jpg 768w, https:\/\/agatahoffa.com\/wp-content\/uploads\/2024\/09\/Mastermind-ADHD-Friendly-1536x1536.jpg 1536w, https:\/\/agatahoffa.com\/wp-content\/uploads\/2024\/09\/Mastermind-ADHD-Friendly-2048x2048.jpg 2048w, https:\/\/agatahoffa.com\/wp-content\/uploads\/2024\/09\/Mastermind-ADHD-Friendly-12x12.jpg 12w, https:\/\/agatahoffa.com\/wp-content\/uploads\/2024\/09\/Mastermind-ADHD-Friendly-600x600.jpg 600w, https:\/\/agatahoffa.com\/wp-content\/uploads\/2024\/09\/Mastermind-ADHD-Friendly-100x100.jpg 100w\" sizes=\"(max-width: 1024px) 100vw, 1024px\" \/><\/div><\/a><\/div>\r\n\t\t\t\t\t\t\t\t\t<div class=\"m-neuron-post__text m-neuron-product__content\">\r\n\t\t\t\t\t\t\t\t\t\t<h3 class=\"m-neuron-product__title\"><a href=\"https:\/\/agatahoffa.com\/en\/product\/6-miesieczny-mastermind-adhd-support-dla-przedsiebiorcow-z-adhd\/\">6-miesi\u0119czny mastermind ADHD Friendly dla przedsi\u0119biorc\u00f3w z ADHD<\/a><\/h3>\t\t\t\t\t\t\t\t\t\t\t\t\t\t\t\t\t\t\t\t<span class=\"m-neuron-product__price\" data-no-translation=\"\" data-trp-gettext=\"\"><span class=\"woocommerce-Price-amount amount\">900,00&nbsp;<span class=\"woocommerce-Price-currencySymbol\">&#122;&#322;<\/span><\/span> &ndash; <span class=\"woocommerce-Price-amount amount\">4500,00&nbsp;<span class=\"woocommerce-Price-currencySymbol\">&#122;&#322;<\/span><\/span><\/span>\t\t\t\t\t\t\t\t\t\t\t\t\t\t\t\t\t\t\t<\/div>\r\n\r\n\t\t\t\t\t\t\t\t\t\t\t\t\t\t\t\t\t<\/div>\r\n\t\t\t\t\t\t\t<\/article>\r\n\t\t\t\t\t\t\t\t\t\t\t\t\t\t<article class=\"l-neuron-grid__item h-neuron-animation--wow m-neuron-product m-neuron-post post-5262 product type-product status-publish has-post-thumbnail product_cat-mastermind-online last instock shipping-taxable purchasable product-type-variable\" data-id=\"5262\">\r\n\t\t\t\t\t\t\t\t<div class=\"m-neuron-post__inner m-neuron-product__inner\">\r\n\t\t\t\t\t\t\t\t\t<div class=\"m-neuron-post__thumbnail--link m-neuron-product__thumbnail--link\" ><div class=\"m-neuron-product__overlay\"><span class=\"m-neuron-product__add-to-cart\"><a href=\"https:\/\/agatahoffa.com\/en\/product\/mastermind-dla-wlascicieli-biznesow-bilet\/\" rel=\"nofollow\" data-product_id=\"5262\" data-product_sku=\"\" class=\"button ajax_add_to_cart add_to_cart_button product_type_variable\">\r\n\t\t\t\t\t\t\t<span>Dodaj do koszyka<\/span>\r\n\t\t\t\t\t\t\t\r\n\t\t\t\t\t\t<\/a><\/span><\/div><a class=\"m-neuron-product__permalink\" href=\"https:\/\/agatahoffa.com\/en\/product\/mastermind-dla-wlascicieli-biznesow-bilet\/\"><div class=\"m-neuron-post__thumbnail m-neuron-product__thumbnail\"><img loading=\"lazy\" decoding=\"async\" width=\"1024\" height=\"1024\" src=\"https:\/\/agatahoffa.com\/wp-content\/uploads\/2024\/08\/Mastermind-online-1024x1024.jpg\" class=\"attachment-large size-large wp-post-image\" alt=\"\" srcset=\"https:\/\/agatahoffa.com\/wp-content\/uploads\/2024\/08\/Mastermind-online-1024x1024.jpg 1024w, https:\/\/agatahoffa.com\/wp-content\/uploads\/2024\/08\/Mastermind-online-300x300.jpg 300w, https:\/\/agatahoffa.com\/wp-content\/uploads\/2024\/08\/Mastermind-online-150x150.jpg 150w, https:\/\/agatahoffa.com\/wp-content\/uploads\/2024\/08\/Mastermind-online-768x768.jpg 768w, https:\/\/agatahoffa.com\/wp-content\/uploads\/2024\/08\/Mastermind-online-1536x1536.jpg 1536w, https:\/\/agatahoffa.com\/wp-content\/uploads\/2024\/08\/Mastermind-online-2048x2048.jpg 2048w, https:\/\/agatahoffa.com\/wp-content\/uploads\/2024\/08\/Mastermind-online-12x12.jpg 12w, https:\/\/agatahoffa.com\/wp-content\/uploads\/2024\/08\/Mastermind-online-600x600.jpg 600w, https:\/\/agatahoffa.com\/wp-content\/uploads\/2024\/08\/Mastermind-online-100x100.jpg 100w\" sizes=\"(max-width: 1024px) 100vw, 1024px\" \/><\/div><\/a><\/div>\r\n\t\t\t\t\t\t\t\t\t<div class=\"m-neuron-post__text m-neuron-product__content\">\r\n\t\t\t\t\t\t\t\t\t\t<h3 class=\"m-neuron-product__title\"><a href=\"https:\/\/agatahoffa.com\/en\/product\/mastermind-dla-wlascicieli-biznesow-bilet\/\">6-miesi\u0119czny mastermind online dla w\u0142a\u015bcicieli biznes\u00f3w<\/a><\/h3>\t\t\t\t\t\t\t\t\t\t\t\t\t\t\t\t\t\t\t\t<span class=\"m-neuron-product__price\" data-no-translation=\"\" data-trp-gettext=\"\"><span class=\"woocommerce-Price-amount amount\">900,00&nbsp;<span class=\"woocommerce-Price-currencySymbol\">&#122;&#322;<\/span><\/span> &ndash; <span class=\"woocommerce-Price-amount amount\">4500,00&nbsp;<span class=\"woocommerce-Price-currencySymbol\">&#122;&#322;<\/span><\/span><\/span>\t\t\t\t\t\t\t\t\t\t\t\t\t\t\t\t\t\t\t<\/div>\r\n\r\n\t\t\t\t\t\t\t\t\t\t\t\t\t\t\t\t\t<\/div>\r\n\t\t\t\t\t\t\t<\/article>\r\n\t\t\t\t\t\t\t\t\t\t\t\t\t\t<article class=\"l-neuron-grid__item h-neuron-animation--wow m-neuron-product m-neuron-post post-4802 product type-product status-publish has-post-thumbnail product_cat-ukryte first instock downloadable virtual purchasable product-type-simple\" data-id=\"4802\">\r\n\t\t\t\t\t\t\t\t<div class=\"m-neuron-post__inner m-neuron-product__inner\">\r\n\t\t\t\t\t\t\t\t\t<div class=\"m-neuron-post__thumbnail--link m-neuron-product__thumbnail--link\" ><div class=\"m-neuron-product__overlay\"><span class=\"m-neuron-product__add-to-cart\"><a href=\"?add-to-cart=4802\" rel=\"nofollow\" data-product_id=\"4802\" data-product_sku=\"\" class=\"button ajax_add_to_cart add_to_cart_button product_type_simple\">\r\n\t\t\t\t\t\t\t<span>Dodaj do koszyka<\/span>\r\n\t\t\t\t\t\t\t\r\n\t\t\t\t\t\t<\/a><\/span><\/div><a class=\"m-neuron-product__permalink\" href=\"https:\/\/agatahoffa.com\/en\/product\/pop-up-mastermind\/\"><div class=\"m-neuron-post__thumbnail m-neuron-product__thumbnail\"><img loading=\"lazy\" decoding=\"async\" width=\"1024\" height=\"1024\" src=\"https:\/\/agatahoffa.com\/wp-content\/uploads\/2024\/08\/pop-up-mastermind-1024x1024.png\" class=\"attachment-large size-large wp-post-image\" alt=\"\" srcset=\"https:\/\/agatahoffa.com\/wp-content\/uploads\/2024\/08\/pop-up-mastermind-1024x1024.png 1024w, https:\/\/agatahoffa.com\/wp-content\/uploads\/2024\/08\/pop-up-mastermind-300x300.png 300w, https:\/\/agatahoffa.com\/wp-content\/uploads\/2024\/08\/pop-up-mastermind-150x150.png 150w, https:\/\/agatahoffa.com\/wp-content\/uploads\/2024\/08\/pop-up-mastermind-768x768.png 768w, https:\/\/agatahoffa.com\/wp-content\/uploads\/2024\/08\/pop-up-mastermind-12x12.png 12w, https:\/\/agatahoffa.com\/wp-content\/uploads\/2024\/08\/pop-up-mastermind-600x600.png 600w, https:\/\/agatahoffa.com\/wp-content\/uploads\/2024\/08\/pop-up-mastermind-100x100.png 100w, https:\/\/agatahoffa.com\/wp-content\/uploads\/2024\/08\/pop-up-mastermind.png 1200w\" sizes=\"(max-width: 1024px) 100vw, 1024px\" \/><\/div><\/a><\/div>\r\n\t\t\t\t\t\t\t\t\t<div class=\"m-neuron-post__text m-neuron-product__content\">\r\n\t\t\t\t\t\t\t\t\t\t<h3 class=\"m-neuron-product__title\"><a href=\"https:\/\/agatahoffa.com\/en\/product\/pop-up-mastermind\/\">Pop-Up Mastermind<\/a><\/h3>\t\t\t\t\t\t\t\t\t\t\t\t\t\t\t\t\t\t\t\t<span class=\"m-neuron-product__price\"><span class=\"woocommerce-Price-amount amount\">270,00&nbsp;<span class=\"woocommerce-Price-currencySymbol\">&#122;&#322;<\/span><\/span><\/span>\t\t\t\t\t\t\t\t\t\t\t\t\t\t\t\t\t\t\t<\/div>\r\n\r\n\t\t\t\t\t\t\t\t\t\t\t\t\t\t\t\t\t<\/div>\r\n\t\t\t\t\t\t\t<\/article>\r\n\t\t\t\t\t\t\t\t\t\t\t\t\t\t<article class=\"l-neuron-grid__item h-neuron-animation--wow m-neuron-product m-neuron-post post-4659 product type-product status-publish has-post-thumbnail product_cat-konsultacja  instock shipping-taxable purchasable product-type-simple\" data-id=\"4659\">\r\n\t\t\t\t\t\t\t\t<div class=\"m-neuron-post__inner m-neuron-product__inner\">\r\n\t\t\t\t\t\t\t\t\t<div class=\"m-neuron-post__thumbnail--link m-neuron-product__thumbnail--link\" ><div class=\"m-neuron-product__overlay\"><span class=\"m-neuron-product__add-to-cart\"><a href=\"?add-to-cart=4659\" rel=\"nofollow\" data-product_id=\"4659\" data-product_sku=\"\" class=\"button ajax_add_to_cart add_to_cart_button product_type_simple\">\r\n\t\t\t\t\t\t\t<span>Dodaj do koszyka<\/span>\r\n\t\t\t\t\t\t\t\r\n\t\t\t\t\t\t<\/a><\/span><\/div><a class=\"m-neuron-product__permalink\" href=\"https:\/\/agatahoffa.com\/en\/product\/konsultacja\/\"><div class=\"m-neuron-post__thumbnail m-neuron-product__thumbnail\"><img loading=\"lazy\" decoding=\"async\" width=\"1024\" height=\"1024\" src=\"https:\/\/agatahoffa.com\/wp-content\/uploads\/2024\/08\/Konultacja-1-1024x1024.jpg\" class=\"attachment-large size-large wp-post-image\" alt=\"\" srcset=\"https:\/\/agatahoffa.com\/wp-content\/uploads\/2024\/08\/Konultacja-1-1024x1024.jpg 1024w, https:\/\/agatahoffa.com\/wp-content\/uploads\/2024\/08\/Konultacja-1-300x300.jpg 300w, https:\/\/agatahoffa.com\/wp-content\/uploads\/2024\/08\/Konultacja-1-150x150.jpg 150w, https:\/\/agatahoffa.com\/wp-content\/uploads\/2024\/08\/Konultacja-1-768x768.jpg 768w, https:\/\/agatahoffa.com\/wp-content\/uploads\/2024\/08\/Konultacja-1-1536x1536.jpg 1536w, https:\/\/agatahoffa.com\/wp-content\/uploads\/2024\/08\/Konultacja-1-2048x2048.jpg 2048w, https:\/\/agatahoffa.com\/wp-content\/uploads\/2024\/08\/Konultacja-1-12x12.jpg 12w, https:\/\/agatahoffa.com\/wp-content\/uploads\/2024\/08\/Konultacja-1-600x600.jpg 600w, https:\/\/agatahoffa.com\/wp-content\/uploads\/2024\/08\/Konultacja-1-100x100.jpg 100w\" sizes=\"(max-width: 1024px) 100vw, 1024px\" \/><\/div><\/a><\/div>\r\n\t\t\t\t\t\t\t\t\t<div class=\"m-neuron-post__text m-neuron-product__content\">\r\n\t\t\t\t\t\t\t\t\t\t<h3 class=\"m-neuron-product__title\"><a href=\"https:\/\/agatahoffa.com\/en\/product\/konsultacja\/\">Konsultacja Indywidualna<\/a><\/h3>\t\t\t\t\t\t\t\t\t\t\t\t\t\t\t\t\t\t\t\t<span class=\"m-neuron-product__price\"><span class=\"woocommerce-Price-amount amount\">450,00&nbsp;<span class=\"woocommerce-Price-currencySymbol\">&#122;&#322;<\/span><\/span><\/span>\t\t\t\t\t\t\t\t\t\t\t\t\t\t\t\t\t\t\t<\/div>\r\n\r\n\t\t\t\t\t\t\t\t\t\t\t\t\t\t\t\t\t<\/div>\r\n\t\t\t\t\t\t\t<\/article>\r\n\t\t\t\t\t\t\t\t\t\t\t<\/div>\r\n\r\n\t\t\t\r\n\t\t\t\t<\/div>\n\t\t\t\t<\/div>\n\t\t\t\t\t<\/div>\n\t\t<\/div>\n\t\t\t\t\t<\/div>\n\t\t<\/section>\n\t\t\t\t<\/div>","protected":false},"excerpt":{"rendered":"<p>Sklep Wszystkie Konsultacja Produkt Mastermind online Wyjazdy Mastermind Pop-Up Masterclass &amp; networking Dodaj do koszyka Mapa biznesu 750,00&nbsp;&#122;&#322; Dodaj do koszyka Masterclass: Prokrastynacja i regularno\u015b\u0107 \u2013 jak budowa\u0107 rytm pracy w biznesie mimo ADHD? 129,00&nbsp;&#122;&#322; Dodaj do koszyka Z\u0142ap kierunek &#8211; Konsultacja Indywidualna &#8211; 75 minut 490,00&nbsp;&#122;&#322; Dodaj do koszyka Nagranie webinaru \u201e Gdzie NAPRAWD\u0118&#8230;<\/p>","protected":false},"author":2,"featured_media":0,"parent":0,"menu_order":0,"comment_status":"closed","ping_status":"closed","template":"elementor_header_footer","meta":{"footnotes":""},"_links":{"self":[{"href":"https:\/\/agatahoffa.com\/en\/wp-json\/wp\/v2\/pages\/3384"}],"collection":[{"href":"https:\/\/agatahoffa.com\/en\/wp-json\/wp\/v2\/pages"}],"about":[{"href":"https:\/\/agatahoffa.com\/en\/wp-json\/wp\/v2\/types\/page"}],"author":[{"embeddable":true,"href":"https:\/\/agatahoffa.com\/en\/wp-json\/wp\/v2\/users\/2"}],"replies":[{"embeddable":true,"href":"https:\/\/agatahoffa.com\/en\/wp-json\/wp\/v2\/comments?post=3384"}],"version-history":[{"count":22,"href":"https:\/\/agatahoffa.com\/en\/wp-json\/wp\/v2\/pages\/3384\/revisions"}],"predecessor-version":[{"id":10206,"href":"https:\/\/agatahoffa.com\/en\/wp-json\/wp\/v2\/pages\/3384\/revisions\/10206"}],"wp:attachment":[{"href":"https:\/\/agatahoffa.com\/en\/wp-json\/wp\/v2\/media?parent=3384"}],"curies":[{"name":"wp","href":"https:\/\/api.w.org\/{rel}","templated":true}]}}