{"id":4717,"date":"2024-08-07T13:05:28","date_gmt":"2024-08-07T13:05:28","guid":{"rendered":"https:\/\/agatahoffa.com\/?page_id=4717"},"modified":"2024-09-28T12:14:10","modified_gmt":"2024-09-28T12:14:10","slug":"mastermind-online","status":"publish","type":"page","link":"https:\/\/agatahoffa.com\/en\/mastermind-online\/","title":{"rendered":"Mastermind online"},"content":{"rendered":"<div data-elementor-type=\"wp-page\" data-elementor-id=\"4717\" class=\"elementor elementor-4717\">\n\t\t\t\t<div class=\"elementor-element elementor-element-e254e90 e-flex e-con-boxed e-con e-parent\" data-id=\"e254e90\" data-element_type=\"container\">\n\t\t\t\t\t<div class=\"e-con-inner\">\n\t\t\t\t<div class=\"elementor-element elementor-element-7e52336 elementor-widget elementor-widget-heading\" data-id=\"7e52336\" data-element_type=\"widget\" data-widget_type=\"heading.default\">\n\t\t\t\t<div class=\"elementor-widget-container\">\n\t\t\t<style>\/*! elementor - v3.23.0 - 15-07-2024 *\/\n.elementor-heading-title{padding:0;margin:0;line-height:1}.elementor-widget-heading .elementor-heading-title[class*=elementor-size-]>a{color:inherit;font-size:inherit;line-height:inherit}.elementor-widget-heading .elementor-heading-title.elementor-size-small{font-size:15px}.elementor-widget-heading .elementor-heading-title.elementor-size-medium{font-size:19px}.elementor-widget-heading .elementor-heading-title.elementor-size-large{font-size:29px}.elementor-widget-heading .elementor-heading-title.elementor-size-xl{font-size:39px}.elementor-widget-heading .elementor-heading-title.elementor-size-xxl{font-size:59px}<\/style><h3 class=\"elementor-heading-title elementor-size-default\">Mastermind online<\/h3>\t\t<\/div>\n\t\t\t\t<\/div>\n\t\t\t\t\t<\/div>\n\t\t\t\t<\/div>\n\t\t\t\t<section class=\"elementor-section elementor-top-section elementor-element elementor-element-d33a911 elementor-section-full_width n-akko-container--wide elementor-section-height-default elementor-section-height-default elementor-invisible\" data-id=\"d33a911\" data-element_type=\"section\" data-settings=\"{&quot;animation&quot;:&quot;h-neuron-animation--clipUp&quot;}\">\n\t\t\t\t\t\t<div class=\"elementor-container elementor-column-gap-no\">\n\t\t\t\t\t<div class=\"elementor-column elementor-col-100 elementor-top-column elementor-element elementor-element-52df51d\" data-id=\"52df51d\" data-element_type=\"column\">\n\t\t\t<div class=\"elementor-widget-wrap elementor-element-populated\">\n\t\t\t\t\t\t<div class=\"elementor-element elementor-element-3125297 l-neuron-grid-wrapper--columns__3 l-neuron-grid-wrapper-tablet--columns__2 l-neuron-grid-wrapper-mobile--columns__1 m-neuron-posts--layout-grid m-neuron-product__add-to-cart--position-inside m-neuron-product__add-to-cart--h-justified elementor-invisible elementor-widget elementor-widget-neuron-woo-products\" data-id=\"3125297\" data-element_type=\"widget\" data-settings=\"{&quot;row_gap&quot;:{&quot;unit&quot;:&quot;px&quot;,&quot;size&quot;:48,&quot;sizes&quot;:[]},&quot;columns&quot;:&quot;3&quot;,&quot;columns_tablet&quot;:&quot;2&quot;,&quot;columns_mobile&quot;:&quot;1&quot;,&quot;carousel&quot;:&quot;no&quot;,&quot;layout&quot;:&quot;grid&quot;,&quot;pagination&quot;:&quot;none&quot;,&quot;row_gap_tablet&quot;:{&quot;unit&quot;:&quot;px&quot;,&quot;size&quot;:&quot;&quot;,&quot;sizes&quot;:[]},&quot;row_gap_mobile&quot;:{&quot;unit&quot;:&quot;px&quot;,&quot;size&quot;:&quot;&quot;,&quot;sizes&quot;:[]},&quot;animation&quot;:&quot;yes&quot;,&quot;neuron_animations&quot;:&quot;h-neuron-animation--slideUp&quot;,&quot;neuron_animations_duration&quot;:&quot;animated&quot;,&quot;animation_delay&quot;:0}\" data-widget_type=\"neuron-woo-products.default\">\n\t\t\t\t<div class=\"elementor-widget-container\">\n\t\t\t\t\t\t\t\t\t\t\t\t\t<div class=\"l-neuron-grid products\" data-masonry-id=\"453982cccfe060c9bb414abb347e493b\">\r\n\t\t\t\t\t\t\t\t\t\t\t\t<article class=\"l-neuron-grid__item h-neuron-animation--wow m-neuron-product m-neuron-post post-5289 product type-product status-publish has-post-thumbnail product_cat-mastermind-online product_tag-adhd product_tag-mastermind first instock shipping-taxable purchasable product-type-variable\" data-id=\"5289\">\r\n\t\t\t\t\t\t\t\t<div class=\"m-neuron-post__inner m-neuron-product__inner\">\r\n\t\t\t\t\t\t\t\t\t<div class=\"m-neuron-post__thumbnail--link m-neuron-product__thumbnail--link\" ><div class=\"m-neuron-product__overlay\"><span class=\"m-neuron-product__add-to-cart\"><a href=\"https:\/\/agatahoffa.com\/en\/product\/6-miesieczny-mastermind-adhd-support-dla-przedsiebiorcow-z-adhd\/\" rel=\"nofollow\" data-product_id=\"5289\" data-product_sku=\"\" class=\"button ajax_add_to_cart add_to_cart_button product_type_variable\">\r\n\t\t\t\t\t\t\t<span>Dodaj do koszyka<\/span>\r\n\t\t\t\t\t\t\t\r\n\t\t\t\t\t\t<\/a><\/span><\/div><a class=\"m-neuron-product__permalink\" href=\"https:\/\/agatahoffa.com\/en\/product\/6-miesieczny-mastermind-adhd-support-dla-przedsiebiorcow-z-adhd\/\"><div class=\"m-neuron-post__thumbnail m-neuron-product__thumbnail\"><img fetchpriority=\"high\" decoding=\"async\" width=\"1024\" height=\"1024\" src=\"https:\/\/agatahoffa.com\/wp-content\/uploads\/2024\/09\/Mastermind-ADHD-Friendly-1024x1024.jpg\" class=\"attachment-large size-large wp-post-image\" alt=\"\" srcset=\"https:\/\/agatahoffa.com\/wp-content\/uploads\/2024\/09\/Mastermind-ADHD-Friendly-1024x1024.jpg 1024w, https:\/\/agatahoffa.com\/wp-content\/uploads\/2024\/09\/Mastermind-ADHD-Friendly-300x300.jpg 300w, https:\/\/agatahoffa.com\/wp-content\/uploads\/2024\/09\/Mastermind-ADHD-Friendly-150x150.jpg 150w, https:\/\/agatahoffa.com\/wp-content\/uploads\/2024\/09\/Mastermind-ADHD-Friendly-768x768.jpg 768w, https:\/\/agatahoffa.com\/wp-content\/uploads\/2024\/09\/Mastermind-ADHD-Friendly-1536x1536.jpg 1536w, https:\/\/agatahoffa.com\/wp-content\/uploads\/2024\/09\/Mastermind-ADHD-Friendly-2048x2048.jpg 2048w, https:\/\/agatahoffa.com\/wp-content\/uploads\/2024\/09\/Mastermind-ADHD-Friendly-12x12.jpg 12w, https:\/\/agatahoffa.com\/wp-content\/uploads\/2024\/09\/Mastermind-ADHD-Friendly-600x600.jpg 600w, https:\/\/agatahoffa.com\/wp-content\/uploads\/2024\/09\/Mastermind-ADHD-Friendly-100x100.jpg 100w\" sizes=\"(max-width: 1024px) 100vw, 1024px\" \/><\/div><\/a><\/div>\r\n\t\t\t\t\t\t\t\t\t<div class=\"m-neuron-post__text m-neuron-product__content\">\r\n\t\t\t\t\t\t\t\t\t\t<h3 class=\"m-neuron-product__title\"><a href=\"https:\/\/agatahoffa.com\/en\/product\/6-miesieczny-mastermind-adhd-support-dla-przedsiebiorcow-z-adhd\/\">6-miesi\u0119czny mastermind ADHD Friendly dla przedsi\u0119biorc\u00f3w z ADHD<\/a><\/h3>\t\t\t\t\t\t\t\t\t\t\t\t\t\t\t\t\t\t\t\t<span class=\"m-neuron-product__price\" data-no-translation=\"\" data-trp-gettext=\"\"><span class=\"woocommerce-Price-amount amount\">900,00&nbsp;<span class=\"woocommerce-Price-currencySymbol\">&#122;&#322;<\/span><\/span> &ndash; <span class=\"woocommerce-Price-amount amount\">4500,00&nbsp;<span class=\"woocommerce-Price-currencySymbol\">&#122;&#322;<\/span><\/span><\/span>\t\t\t\t\t\t\t\t\t\t\t\t\t\t\t\t\t\t\t<\/div>\r\n\r\n\t\t\t\t\t\t\t\t\t\t\t\t\t\t\t\t\t<\/div>\r\n\t\t\t\t\t\t\t<\/article>\r\n\t\t\t\t\t\t\t\t\t\t\t\t\t\t<article class=\"l-neuron-grid__item h-neuron-animation--wow m-neuron-product m-neuron-post post-5262 product type-product status-publish has-post-thumbnail product_cat-mastermind-online  instock shipping-taxable purchasable product-type-variable\" data-id=\"5262\">\r\n\t\t\t\t\t\t\t\t<div class=\"m-neuron-post__inner m-neuron-product__inner\">\r\n\t\t\t\t\t\t\t\t\t<div class=\"m-neuron-post__thumbnail--link m-neuron-product__thumbnail--link\" ><div class=\"m-neuron-product__overlay\"><span class=\"m-neuron-product__add-to-cart\"><a href=\"https:\/\/agatahoffa.com\/en\/product\/mastermind-dla-wlascicieli-biznesow-bilet\/\" rel=\"nofollow\" data-product_id=\"5262\" data-product_sku=\"\" class=\"button ajax_add_to_cart add_to_cart_button product_type_variable\">\r\n\t\t\t\t\t\t\t<span>Dodaj do koszyka<\/span>\r\n\t\t\t\t\t\t\t\r\n\t\t\t\t\t\t<\/a><\/span><\/div><a class=\"m-neuron-product__permalink\" href=\"https:\/\/agatahoffa.com\/en\/product\/mastermind-dla-wlascicieli-biznesow-bilet\/\"><div class=\"m-neuron-post__thumbnail m-neuron-product__thumbnail\"><img decoding=\"async\" width=\"1024\" height=\"1024\" src=\"https:\/\/agatahoffa.com\/wp-content\/uploads\/2024\/08\/Mastermind-online-1024x1024.jpg\" class=\"attachment-large size-large wp-post-image\" alt=\"\" srcset=\"https:\/\/agatahoffa.com\/wp-content\/uploads\/2024\/08\/Mastermind-online-1024x1024.jpg 1024w, https:\/\/agatahoffa.com\/wp-content\/uploads\/2024\/08\/Mastermind-online-300x300.jpg 300w, https:\/\/agatahoffa.com\/wp-content\/uploads\/2024\/08\/Mastermind-online-150x150.jpg 150w, https:\/\/agatahoffa.com\/wp-content\/uploads\/2024\/08\/Mastermind-online-768x768.jpg 768w, https:\/\/agatahoffa.com\/wp-content\/uploads\/2024\/08\/Mastermind-online-1536x1536.jpg 1536w, https:\/\/agatahoffa.com\/wp-content\/uploads\/2024\/08\/Mastermind-online-2048x2048.jpg 2048w, https:\/\/agatahoffa.com\/wp-content\/uploads\/2024\/08\/Mastermind-online-12x12.jpg 12w, https:\/\/agatahoffa.com\/wp-content\/uploads\/2024\/08\/Mastermind-online-600x600.jpg 600w, https:\/\/agatahoffa.com\/wp-content\/uploads\/2024\/08\/Mastermind-online-100x100.jpg 100w\" sizes=\"(max-width: 1024px) 100vw, 1024px\" \/><\/div><\/a><\/div>\r\n\t\t\t\t\t\t\t\t\t<div class=\"m-neuron-post__text m-neuron-product__content\">\r\n\t\t\t\t\t\t\t\t\t\t<h3 class=\"m-neuron-product__title\"><a href=\"https:\/\/agatahoffa.com\/en\/product\/mastermind-dla-wlascicieli-biznesow-bilet\/\">6-miesi\u0119czny mastermind online dla w\u0142a\u015bcicieli biznes\u00f3w<\/a><\/h3>\t\t\t\t\t\t\t\t\t\t\t\t\t\t\t\t\t\t\t\t<span class=\"m-neuron-product__price\" data-no-translation=\"\" data-trp-gettext=\"\"><span class=\"woocommerce-Price-amount amount\">900,00&nbsp;<span class=\"woocommerce-Price-currencySymbol\">&#122;&#322;<\/span><\/span> &ndash; <span class=\"woocommerce-Price-amount amount\">4500,00&nbsp;<span class=\"woocommerce-Price-currencySymbol\">&#122;&#322;<\/span><\/span><\/span>\t\t\t\t\t\t\t\t\t\t\t\t\t\t\t\t\t\t\t<\/div>\r\n\r\n\t\t\t\t\t\t\t\t\t\t\t\t\t\t\t\t\t<\/div>\r\n\t\t\t\t\t\t\t<\/article>\r\n\t\t\t\t\t\t\t\t\t\t\t<\/div>\r\n\r\n\t\t\t\r\n\t\t\t\t<\/div>\n\t\t\t\t<\/div>\n\t\t\t\t\t<\/div>\n\t\t<\/div>\n\t\t\t\t\t<\/div>\n\t\t<\/section>\n\t\t\t\t<\/div>","protected":false},"excerpt":{"rendered":"<p>Mastermind online Dodaj do koszyka 6-miesi\u0119czny mastermind ADHD Support dla przedsi\u0119biorc\u00f3w z ADHD \/ nab\u00f3r we wrze\u015bniu 300,00&nbsp;&#122;&#322; &ndash; 2140,00&nbsp;&#122;&#322; Dodaj do koszyka 6-miesi\u0119czny mastermind ADHD Support dla przedsi\u0119biorc\u00f3w z ADHD \/ nab\u00f3r w styczniu 300,00&nbsp;&#122;&#322; &ndash; 2140,00&nbsp;&#122;&#322; Dodaj do koszyka 6-miesi\u0119czny mastermind GROW dla w\u0142a\u015bcicieli biznes\u00f3w \/ nab\u00f3r w styczniu 300,00&nbsp;&#122;&#322; &ndash; 2800,00&nbsp;&#122;&#322; Dodaj&#8230;<\/p>","protected":false},"author":2,"featured_media":0,"parent":0,"menu_order":0,"comment_status":"closed","ping_status":"closed","template":"elementor_header_footer","meta":{"footnotes":""},"_links":{"self":[{"href":"https:\/\/agatahoffa.com\/en\/wp-json\/wp\/v2\/pages\/4717"}],"collection":[{"href":"https:\/\/agatahoffa.com\/en\/wp-json\/wp\/v2\/pages"}],"about":[{"href":"https:\/\/agatahoffa.com\/en\/wp-json\/wp\/v2\/types\/page"}],"author":[{"embeddable":true,"href":"https:\/\/agatahoffa.com\/en\/wp-json\/wp\/v2\/users\/2"}],"replies":[{"embeddable":true,"href":"https:\/\/agatahoffa.com\/en\/wp-json\/wp\/v2\/comments?post=4717"}],"version-history":[{"count":33,"href":"https:\/\/agatahoffa.com\/en\/wp-json\/wp\/v2\/pages\/4717\/revisions"}],"predecessor-version":[{"id":5780,"href":"https:\/\/agatahoffa.com\/en\/wp-json\/wp\/v2\/pages\/4717\/revisions\/5780"}],"wp:attachment":[{"href":"https:\/\/agatahoffa.com\/en\/wp-json\/wp\/v2\/media?parent=4717"}],"curies":[{"name":"wp","href":"https:\/\/api.w.org\/{rel}","templated":true}]}}