{"id":5140,"date":"2024-08-22T12:48:41","date_gmt":"2024-08-22T12:48:41","guid":{"rendered":"https:\/\/agatahoffa.com\/?page_id=5140"},"modified":"2026-03-24T10:34:55","modified_gmt":"2026-03-24T10:34:55","slug":"polityka-prywatnosci","status":"publish","type":"page","link":"https:\/\/agatahoffa.com\/en\/polityka-prywatnosci\/","title":{"rendered":"Polityka Prywatno\u015bci"},"content":{"rendered":"<div style=\"height:100px\" aria-hidden=\"true\" class=\"wp-block-spacer\"><\/div>\n\n\n\n<p class=\"has-text-align-center\"><strong>\u00a71. <strong>Informacje og\u00f3lne<\/strong><\/strong><\/p>\n\n\n\n<div style=\"height:15px\" aria-hidden=\"true\" class=\"wp-block-spacer\"><\/div>\n\n\n\n<ol>\n<li>Niniejsza Polityka Prywatno\u015bci dotyczy korzystania z us\u0142ug marki Agata Hoffa i okre\u015bla zasady przetwarzania Twoich danych osobowych w ramach Serwisu www funkcjonuj\u0105cego pod adresem internetowym:&nbsp;<a href=\"https:\/\/agatahoffa.com\/en\/\">https:\/\/agatahoffa.com<\/a> &nbsp;(dalej: \u201eSerwis\u201d).<br><\/li>\n\n\n\n<li>Administratorem danych osobowych i operatorem Serwisu jest Agata Hoffa prowadz\u0105ca dzia\u0142alno\u015b\u0107 gospodarcz\u0105<br><br>Cacao Projects Agata Hoffa<br>Organization number: 927 099 233<br>Klippenveien 12, 8392 S\u00f8rv\u00e5gen, Norway;<br>(dalej: \u201eAdministrator\u201d).<br><\/li>\n\n\n\n<li>Adres kontaktowy poczty elektronicznej Administratora: hej@agatahoffa.com<br><\/li>\n\n\n\n<li>U\u017cytkownikiem jest ka\u017cda osoba korzystaj\u0105ca z Serwisu lub us\u0142ug Administratora.<br><\/li>\n\n\n\n<li>Data wej\u015bcia w \u017cycie Polityki: 30.12.2025. Data ostatniej aktualizacji: 30.12.2025<\/li>\n<\/ol>\n\n\n\n<div style=\"height:70px\" aria-hidden=\"true\" class=\"wp-block-spacer\"><\/div>\n\n\n\n<p class=\"has-text-align-center\"><strong>\u00a72. <strong>Jakie informacje o Tobie przetwarzam i jak je pozyskuj\u0119<\/strong><\/strong><\/p>\n\n\n\n<div style=\"height:15px\" aria-hidden=\"true\" class=\"wp-block-spacer\"><\/div>\n\n\n\n<ol>\n<li>W ramach prowadzonych proces\u00f3w, Administrator przetwarza Twoje nast\u0119puj\u0105ce dane:\n<ul>\n<li>Imi\u0119 i nazwisko<\/li>\n\n\n\n<li>Adres email<\/li>\n\n\n\n<li>Adres IP<\/li>\n\n\n\n<li>Adres fizyczny rozliczeniowy<\/li>\n\n\n\n<li>Dane p\u0142atno\u015bci<\/li>\n\n\n\n<li>Numer telefonu<\/li>\n\n\n\n<li>Lokalizacja geograficzna<\/li>\n\n\n\n<li>Numer NIP<\/li>\n\n\n\n<li>Numer VAT-UE<\/li>\n\n\n\n<li>Informacje o zachowaniu U\u017cytkownik\u00f3w w Serwisie<\/li>\n\n\n\n<li>Pozosta\u0142e dane i informacje, jakie zostan\u0105 dobrowolnie przekazane przez U\u017cytkownik\u00f3w.<\/li>\n<\/ul>\n<\/li>\n<\/ol>\n\n\n\n<ol start=\"2\">\n<li>Informacje o U\u017cytkownikach i ich zachowaniu s\u0105 pozyskiwane w nast\u0119puj\u0105cy spos\u00f3b:\n<ul>\n<li>Poprzez dobrowolnie wprowadzone w formularzach dane, kt\u00f3re zostaj\u0105 wprowadzone do system\u00f3w Administratora.<\/li>\n\n\n\n<li>Poprzez zapisywanie w urz\u0105dzeniach ko\u0144cowych plik\u00f3w cookie (tzw. \u201eciasteczka\u201d).<\/li>\n\n\n\n<li>Poprzez inne kana\u0142y komunikacji, w tym: poczta email, komunikatory internetowe, rozmowa telefoniczna.<\/li>\n<\/ul>\n<\/li>\n<\/ol>\n\n\n\n<div style=\"height:70px\" aria-hidden=\"true\" class=\"wp-block-spacer\"><\/div>\n\n\n\n<p class=\"has-text-align-center\"><strong>\u00a73. <strong>W jakich celach, na jakiej podstawie i jak d\u0142ugo przetwarzam Twoje dane osobowe<\/strong><\/strong><\/p>\n\n\n\n<div style=\"height:15px\" aria-hidden=\"true\" class=\"wp-block-spacer\"><\/div>\n\n\n\n<ol>\n<li><strong>Administrowanie Serwisem<\/strong><br><strong>Podstawa prawna:<\/strong> art. 6 ust. 1 lit. f RODO (prawnie uzasadniony interes administratora \u2013 prowadzenie i utrzymanie Serwisu).<br><strong>Czas przetwarzania:<\/strong> do czasu korzystania z us\u0142ug Serwisu lub zg\u0142oszenia sprzeciwu.<br><\/li>\n\n\n\n<li><strong>Prowadzenie newslettera<\/strong><br><strong>Podstawa prawna:<\/strong> art. 6 ust. 1 lit. a RODO (zgoda).<br><strong>Czas przetwarzania:<\/strong> do momentu wycofania zgody.<br><\/li>\n\n\n\n<li><strong>Prowadzenie systemu komentarzy<\/strong><br><strong>Podstawa prawna:<\/strong> art. 6 ust. 1 lit. f RODO (uzasadniony interes \u2013 umo\u017cliwienie dodawania komentarzy i interakcji).<br><strong>Czas przetwarzania:<\/strong> do czasu usuni\u0119cia komentarzy lub zg\u0142oszenia sprzeciwu.<br><\/li>\n\n\n\n<li><strong>Obs\u0142uga zapyta\u0144 przesy\u0142anych przez formularz kontaktowy<\/strong><br><strong>Podstawa prawna:<\/strong> art. 6 ust. 1 lit. f RODO (udzielenie odpowiedzi na zapytanie).<br><strong>Czas przetwarzania:<\/strong> przez okres niezb\u0119dny do udzielenia odpowiedzi oraz obs\u0142ugi korespondencji.<br><\/li>\n\n\n\n<li><strong>Sprzeda\u017c i wysy\u0142ka produkt\u00f3w cyfrowych<\/strong><br><strong>Podstawa prawna:<\/strong> art. 6 ust. 1 lit. b RODO (wykonanie umowy).<br><strong>Czas przetwarzania:<\/strong> przez okres niezb\u0119dny do realizacji umowy.<br><\/li>\n\n\n\n<li><strong>Realizacja zam\u00f3wionych us\u0142ug<\/strong><br><strong>Podstawa prawna:<\/strong> art. 6 ust. 1 lit. b RODO (wykonanie umowy).<br><strong>Czas przetwarzania:<\/strong> przez okres potrzebny do wykonania us\u0142ugi oraz przez czas trwania ewentualnych roszcze\u0144.<br><\/li>\n\n\n\n<li><strong>Wystawianie rachunk\u00f3w lub faktur oraz prowadzenie dokumentacji ksi\u0119gowej<\/strong><br><strong>Podstawa prawna:<\/strong> art. 6 ust. 1 lit. c RODO (obowi\u0105zek prawny wynikaj\u0105cy z przepis\u00f3w podatkowych i rachunkowych).<br><strong>Czas przetwarzania:<\/strong> przez okres wymagany przepisami prawa podatkowego i rachunkowego.<br><\/li>\n\n\n\n<li><strong>Prezentacja ofert lub informacji marketingowych<\/strong><br><strong>Podstawa prawna:<\/strong> art. 6 ust. 1 lit. a RODO (zgoda) lub art. 6 ust. 1 lit. f RODO (uzasadniony interes \u2013 marketing bezpo\u015bredni).<br><strong>Czas przetwarzania:<\/strong> do czasu wycofania zgody lub zg\u0142oszenia sprzeciwu.<br><\/li>\n\n\n\n<li><strong>Realizacja obowi\u0105zk\u00f3w wynikaj\u0105cych z aktu o us\u0142ugach cyfrowych (DSA)<\/strong><br><strong>Podstawa prawna:<\/strong> art. 6 ust. 1 lit. c RODO (obowi\u0105zek prawny).<br><strong>Czas przetwarzania:<\/strong> do czasu up\u0142ywu okres\u00f3w odpowiedzialno\u015bci administratora okre\u015blonych w DSA.<br><\/li>\n\n\n\n<li><strong>Wykorzystywanie plik\u00f3w cookies<\/strong><br><strong>Podstawa prawna:<\/strong> art. 6 ust. 1 lit. a RODO (zgoda \u2013 w przypadku cookies marketingowych i analitycznych) oraz art. 6 ust. 1 lit. f RODO (uzasadniony interes \u2013 cookies niezb\u0119dne).<br><strong>Czas przetwarzania:<\/strong> do momentu cofni\u0119cia zgody lub usuni\u0119cia plik\u00f3w cookies przez U\u017cytkownika.<\/li>\n<\/ol>\n\n\n\n<div style=\"height:70px\" aria-hidden=\"true\" class=\"wp-block-spacer\"><\/div>\n\n\n\n<p class=\"has-text-align-center\"><strong>\u00a74. <strong>Metody ochrony danych stosowane przez Administratora<\/strong><\/strong><\/p>\n\n\n\n<div style=\"height:15px\" aria-hidden=\"true\" class=\"wp-block-spacer\"><\/div>\n\n\n\n<ol>\n<li>Miejsca logowania i wprowadzania danych osobowych s\u0105 chronione w warstwie transmisji (certyfikat SSL). Dzi\u0119ki temu dane osobowe i dane logowania, wprowadzone na stronie, zostaj\u0105 zaszyfrowane w komputerze u\u017cytkownika i mog\u0105 by\u0107 odczytane jedynie na docelowym serwerze.<br><\/li>\n\n\n\n<li>Dane osobowe i has\u0142a dost\u0119pu przechowywane w bazie danych s\u0105 zaszyfrowane w taki spos\u00f3b, \u017ce jedynie Operator posiadaj\u0105cy klucz mo\u017ce je odczyta\u0107. Dzi\u0119ki temu dane s\u0105 chronione na wypadek wykradzenia bazy danych z serwera.<br><\/li>\n\n\n\n<li>W u\u017cywanych przez Administratora narz\u0119dziach i serwisach jest stosowana autentykacja dwusk\u0142adnikowa, co stanowi dodatkow\u0105 form\u0119 ochrony logowania do Serwisu.<br><\/li>\n\n\n\n<li>Administrator okresowo zmienia swoje has\u0142a administracyjne do system\u00f3w, w kt\u00f3rych przechowywane s\u0105 dane osobowe.<br><\/li>\n\n\n\n<li>W celu ochrony danych Administrator regularnie wykonuje kopie bezpiecze\u0144stwa.<br><\/li>\n\n\n\n<li>Istotnym elementem ochrony danych jest regularna aktualizacja wszelkiego oprogramowania, wykorzystywanego przez Administratora do przetwarzania danych osobowych, co w szczeg\u00f3lno\u015bci oznacza regularne aktualizacje komponent\u00f3w programistycznych.<\/li>\n<\/ol>\n\n\n\n<div style=\"height:70px\" aria-hidden=\"true\" class=\"wp-block-spacer\"><\/div>\n\n\n\n<p class=\"has-text-align-center\"><strong>\u00a75. <strong>Twoje prawa i dodatkowe informacje o sposobie wykorzystania danych<\/strong><\/strong><\/p>\n\n\n\n<div style=\"height:15px\" aria-hidden=\"true\" class=\"wp-block-spacer\"><\/div>\n\n\n\n<ol>\n<li>Twoje dane osobowe b\u0119d\u0105 przetwarzane przez Administratora nie d\u0142u\u017cej, ni\u017c jest to konieczne do wykonania zwi\u0105zanych z nimi czynno\u015bci okre\u015blonych osobnymi przepisami (np. o prowadzeniu rachunkowo\u015bci).<br><\/li>\n\n\n\n<li>W odniesieniu do danych marketingowych, dane nie b\u0119d\u0105 przetwarzane d\u0142u\u017cej ni\u017c przez 3 lata od ostatniej interakcji.<br><\/li>\n\n\n\n<li>Przys\u0142uguje Ci prawo \u017c\u0105dania od Administratora:\n<ul>\n<li>dost\u0119pu do danych osobowych Ciebie dotycz\u0105cych,<\/li>\n\n\n\n<li>ich sprostowania,<\/li>\n\n\n\n<li>usuni\u0119cia,<\/li>\n\n\n\n<li>ograniczenia przetwarzania,<\/li>\n\n\n\n<li>oraz przenoszenia danych.<br><\/li>\n<\/ul>\n<\/li>\n\n\n\n<li>Masz prawo w ka\u017cdej chwili wnie\u015b\u0107 sprzeciw wobec przetwarzania Twoich danych osobowych w celu realizacji prawnie uzasadnionych interes\u00f3w Administratora, w tym profilowania w tym zakresie, je\u015bli uwa\u017casz, \u017ce Twoje interesy lub prawa maj\u0105 nadrz\u0119dne znaczenie. Sprzeciw nie mo\u017ce zosta\u0107 uwzgl\u0119dniony, je\u015bli Administrator wyka\u017ce istnienie wa\u017cnych prawnie uzasadnionych podstaw przetwarzania nadrz\u0119dnych wobec Twoich praw i wolno\u015bci, w tym w celu ustalenia, dochodzenia lub obrony roszcze\u0144.<br><\/li>\n\n\n\n<li>Masz prawo w ka\u017cdej chwili wycofa\u0107 zgod\u0119<strong> <\/strong>na przetwarzanie danych osobowych, w tym na przetwarzanie w celach marketingowych oraz profilowanie marketingowe. Wycofanie zgody nie wp\u0142ywa na zgodno\u015b\u0107 z prawem przetwarzania danych dokonanych na podstawie zgody przed jej wycofaniem<strong>. <\/strong>Wycofanie zgody mo\u017ce nast\u0105pi\u0107 poprzez:\n<ul>\n<li>zmian\u0119 ustawie\u0144 cookies w Serwisie,<\/li>\n\n\n\n<li>klikni\u0119cie w link \u201eRezygnacja z newslettera\u201d w ka\u017cdej wiadomo\u015bci e-mail,<\/li>\n\n\n\n<li>kontakt bezpo\u015bredni z Administratorem danych (np. e-mail: hej@agatahoffa.com).<br><\/li>\n<\/ul>\n<\/li>\n\n\n\n<li>Na dzia\u0142ania Administratora przys\u0142uguje skarga do Urz\u0119du Ochrony Danych Osobowych, ul. Stawki 2, 00-193 Warszawa.<br><\/li>\n\n\n\n<li>Podanie danych osobowych jest dobrowolne, lecz niezb\u0119dne do korzystania z us\u0142ug marki Agata Hoffa<br><\/li>\n\n\n\n<li>W stosunku do Ciebie nie b\u0119d\u0105 podejmowane czynno\u015bci polegaj\u0105ce na zautomatyzowanym podejmowaniu decyzji.<br><\/li>\n\n\n\n<li>Twoje dane mog\u0105 by\u0107 profilowane w celu \u015bwiadczenia us\u0142ug w ramach zawartej umowy (art. 6 ust. 1 lit. b RODO) oraz w celach marketingowych (art. 6 ust. 1 lit. a RODO, na podstawie Twojej wyra\u017conej zgody). Profilowanie w tych celach mo\u017ce polega\u0107 np. na dopasowaniu tre\u015bci komunikacji, ofert lub rekomendacji produkt\u00f3w do Twoich preferencji. Masz prawo w ka\u017cdej chwili wycofa\u0107 zgod\u0119 na profilowanie marketingowe, co nie wp\u0142ywa na legalno\u015b\u0107 przetwarzania przed jej wycofaniem.<\/li>\n<\/ol>\n\n\n\n<div style=\"height:70px\" aria-hidden=\"true\" class=\"wp-block-spacer\"><\/div>\n\n\n\n<p class=\"has-text-align-center\"><strong>\u00a76. <strong>Informacje w formularzach<\/strong><\/strong><\/p>\n\n\n\n<div style=\"height:15px\" aria-hidden=\"true\" class=\"wp-block-spacer\"><\/div>\n\n\n\n<ol>\n<li>Administrator zbiera informacje podane dobrowolnie przez U\u017cytkownika, w tym dane osobowe, o ile zostan\u0105 one podane.<br><\/li>\n\n\n\n<li>Administrator zbiera informacje podane dobrowolnie przez U\u017cytkownika, w tym dane osobowe, o ile zostan\u0105 one podane.<br><\/li>\n\n\n\n<li>Serwis, w niekt\u00f3rych wypadkach, mo\u017ce zapisa\u0107 informacj\u0119 u\u0142atwiaj\u0105c\u0105 powi\u0105zanie danych w formularzu z adresem e-mail u\u017cytkownika wype\u0142niaj\u0105cego formularz. W takim wypadku adres e-mail u\u017cytkownika pojawia si\u0119 wewn\u0105trz adresu url strony zawieraj\u0105cej formularz.<br><\/li>\n\n\n\n<li>Dane podane w formularzach s\u0105 przetwarzane w celu wynikaj\u0105cym z funkcji konkretnego formularza, np. w celu wysy\u0142ki newslettera, dokonania procesu obs\u0142ugi zg\u0142oszenia serwisowego lub kontaktu handlowego, rejestracji us\u0142ug itp. Ka\u017cdorazowo kontekst i opis formularza w czytelny spos\u00f3b informuje, do czego on s\u0142u\u017cy.<\/li>\n<\/ol>\n\n\n\n<div style=\"height:70px\" aria-hidden=\"true\" class=\"wp-block-spacer\"><\/div>\n\n\n\n<p class=\"has-text-align-center\"><strong>\u00a77. <strong>Komu b\u0119d\u0105 przekazywane Twoje dane<\/strong><\/strong><\/p>\n\n\n\n<div style=\"height:15px\" aria-hidden=\"true\" class=\"wp-block-spacer\"><\/div>\n\n\n\n<ol>\n<li>Twoje dane mog\u0105 by\u0107 przekazywane przez Administratora innym odbiorcom w celu realizacji konkretnych proces\u00f3w lub us\u0142ug:<\/li>\n<\/ol>\n\n\n\n<ul>\n<li>firma hostingowa Zenbox z siedzib\u0105 w Poznaniu, Polska,<\/li>\n\n\n\n<li>operator systemu do prowadzenia newslettera MailerLite Limited z siedzib\u0105 w Irlandii,<\/li>\n\n\n\n<li>operator systemu komentarzy WordPress z siedzib\u0105 w San Francisco, USA,<\/li>\n\n\n\n<li>dostawca systemu do fakturowania Tripletex z siedzib\u0105 w Norwegii<\/li>\n\n\n\n<li>operatorzy p\u0142atno\u015bci TPay&nbsp; z siedzib\u0105 w Poznaniu, Polska,<\/li>\n\n\n\n<li>upowa\u017cnieni pracownicy i wsp\u00f3\u0142pracownicy, kt\u00f3rzy korzystaj\u0105 z danych w celu realizacji celu dzia\u0142ania strony.<\/li>\n<\/ul>\n\n\n\n<ol start=\"2\">\n<li>Twoje dane mog\u0105 by\u0107 przekazywane poza obszar Unii Europejskiej, do pa\u0144stw trzecich:<\/li>\n<\/ol>\n\n\n\n<p>W Serwisie korzystam z narz\u0119dzia analitycznego Google Analytics 4, dostarczanego przez Google Ireland Limited (Google Building Gordon House, Barrow Street, Dublin 4, Irlandia). Narz\u0119dzie to s\u0142u\u017cy analizie ruchu na stronie i tworzeniu statystyk dotycz\u0105cych zachowania u\u017cytkownik\u00f3w. Google Analytics korzysta z plik\u00f3w cookies analitycznych, kt\u00f3re s\u0105 instalowane wy\u0142\u0105cznie po wyra\u017ceniu przez U\u017cytkownika zgody (art. 6 ust. 1 lit. a RODO). Brak zgody nie wp\u0142ywa na mo\u017cliwo\u015b\u0107 korzystania z Serwisu. W ramach Google Analytics mog\u0105 by\u0107 zbierane informacje takie jak: liczba odwiedzin, aktywno\u015b\u0107 u\u017cytkownik\u00f3w na stronie, rodzaj urz\u0105dzenia, system operacyjny, przegl\u0105darka, przybli\u017cona lokalizacja (na poziomie miasta), czas sp\u0119dzony na stronie oraz \u015bcie\u017cki poruszania si\u0119 po Serwisie. Google Analytics 4 nie przekazuje administratorowi danych, kt\u00f3re pozwalaj\u0105 na bezpo\u015brednie zidentyfikowanie osoby, jednak dane analityczne mog\u0105 by\u0107 uznane za dane osobowe zgodnie z RODO. Google mo\u017ce przetwarza\u0107 dane r\u00f3wnie\u017c w Stanach Zjednoczonych. Przekazanie danych do Stan\u00f3w Zjednoczonych odbywa si\u0119 na podstawie Standardowych Klauzul Umownych (SCC) zatwierdzonych przez Komisj\u0119 Europejsk\u0105. Google zapewnia odpowiednie \u015brodki techniczne i organizacyjne w celu zabezpieczenia danych, zgodnie z wymaganiami RODO.<\/p>\n\n\n\n<p><a href=\"https:\/\/policies.google.com\/privacy?hl=pl\">Polityka Prywatno\u015bci Google Inc.<\/a><\/p>\n\n\n\n<ul>\n<li>Korzystam z Google Docs i w ramach dost\u0119pnych narz\u0119dzi mog\u0119 przetwarza\u0107 tam Twoje dane osobowe.<\/li>\n\n\n\n<li>Korzystam z narz\u0119dzi analityczno-marketingowych Meta (Meta Platforms Ireland Limited), w szczeg\u00f3lno\u015bci Meta Pixel, kt\u00f3re umo\u017cliwiaj\u0105 wy\u015bwietlanie spersonalizowanych reklam oraz pomiar ich skuteczno\u015bci. W ramach korzystania z Meta Pixel mo\u017cliwe jest przetwarzanie danych u\u017cytkownika, takich jak adres IP, informacje o urz\u0105dzeniu, odwiedzane podstrony oraz dzia\u0142ania podejmowane w Serwisie. Dane te mog\u0105 by\u0107 przekazywane Meta, kt\u00f3ra pe\u0142ni rol\u0119 wsp\u00f3\u0142administratora danych w zakresie dzia\u0142ania Meta Pixel. Dane mog\u0105 by\u0107 przekazywane do pa\u0144stw trzecich, w tym USA, na podstawie Standardowych Klauzul Umownych (SCC) zatwierdzonych przez Komisj\u0119 Europejsk\u0105. Meta stosuje odpowiednie \u015brodki techniczne i organizacyjne w celu ochrony przekazywanych danych. Przetwarzanie danych w ramach Meta Pixel odbywa si\u0119 wy\u0142\u0105cznie na podstawie Twojej aktywnej zgody na pliki cookies marketingowe. Zgod\u0119 mo\u017cesz w ka\u017cdej chwili wycofa\u0107 lub zmieni\u0107 w ustawieniach plik\u00f3w cookies dost\u0119pnych na stronie.<\/li>\n<\/ul>\n\n\n\n<p><a href=\"https:\/\/www.facebook.com\/privacy\/explanation\">Polityka Prywatno\u015bci&nbsp;Meta Platforms Ireland Limited<\/a><\/p>\n\n\n\n<div style=\"height:70px\" aria-hidden=\"true\" class=\"wp-block-spacer\"><\/div>\n\n\n\n<p class=\"has-text-align-center\"><strong>\u00a78. <strong><strong>Informacja o plikach cookies<\/strong><\/strong><\/strong><\/p>\n\n\n\n<div style=\"height:15px\" aria-hidden=\"true\" class=\"wp-block-spacer\"><\/div>\n\n\n\n<ol>\n<li>Serwis <a href=\"https:\/\/agatahoffa.com\/en\/\">https:\/\/agatahoffa.com<\/a> korzysta z plik\u00f3w cookies oraz podobnych technologii (np. local storage) w celu zapewnienia jego prawid\u0142owego dzia\u0142ania, analizowania ruchu oraz prowadzenia dzia\u0142a\u0144 marketingowych.<br><\/li>\n\n\n\n<li>Pliki cookies stanowi\u0105 dane informatyczne, najcz\u0119\u015bciej pliki tekstowe, przechowywane w urz\u0105dzeniu ko\u0144cowym U\u017cytkownika. Cookies zazwyczaj zawieraj\u0105 nazw\u0119 strony internetowej, z kt\u00f3rej pochodz\u0105, czas przechowywania oraz unikalny identyfikator.<br><\/li>\n\n\n\n<li>Podmiotem zamieszczaj\u0105cym pliki cookies w urz\u0105dzeniu U\u017cytkownika oraz uzyskuj\u0105cym do nich dost\u0119p jest operator Serwisu.<br><\/li>\n\n\n\n<li>Pliki cookies wykorzystywane s\u0105 w nast\u0119puj\u0105cych celach:<\/li>\n<\/ol>\n\n\n\n<ul>\n<li>utrzymanie sesji u\u017cytkownika Serwisu (cookies niezb\u0119dne),<\/li>\n\n\n\n<li>analityka (np. Google Analytics) \u2013 wy\u0142\u0105cznie po wyra\u017ceniu zgody,<\/li>\n\n\n\n<li>marketing i reklama \u2013 wy\u0142\u0105cznie po wyra\u017ceniu zgody,<\/li>\n\n\n\n<li>realizacja cel\u00f3w partner\u00f3w wskazanych w cz\u0119\u015bci \u201eKomu b\u0119d\u0105 przekazywane Twoje dane\u201d.<\/li>\n<\/ul>\n\n\n\n<ol start=\"5\">\n<li>W ramach Serwisu stosowane s\u0105 dwa rodzaje cookies:<\/li>\n<\/ol>\n\n\n\n<ul>\n<li><strong>sesyjne<\/strong> \u2013 usuwane po zamkni\u0119ciu przegl\u0105darki,<\/li>\n\n\n\n<li><strong>sta\u0142e<\/strong> \u2013 przechowywane przez czas okre\u015blony w parametrach cookies lub do ich usuni\u0119cia przez U\u017cytkownika.<\/li>\n<\/ul>\n\n\n\n<ol start=\"6\">\n<li>Przegl\u0105darka internetowa zazwyczaj domy\u015blnie dopuszcza przechowywanie cookies. U\u017cytkownik mo\u017ce w ka\u017cdej chwili zmieni\u0107 ustawienia przegl\u0105darki, usun\u0105\u0107 pliki cookies lub ca\u0142kowicie je zablokowa\u0107. Szczeg\u00f3\u0142owe informacje znajduj\u0105 si\u0119 w dokumentacji przegl\u0105darki.<br><\/li>\n\n\n\n<li>Ograniczenia stosowania plik\u00f3w cookies mog\u0105 wp\u0142yn\u0105\u0107 na niekt\u00f3re funkcjonalno\u015bci Serwisu, ale <strong>odmowa zgody na cookies analityczne lub marketingowe nie ogranicza mo\u017cliwo\u015bci korzystania z Serwisu<\/strong>.<br><\/li>\n\n\n\n<li>Pliki cookies mog\u0105 by\u0107 r\u00f3wnie\u017c stosowane przez partner\u00f3w operatora Serwisu, takich jak Google Ireland Limited czy Meta Platforms Ireland Limited.<br><\/li>\n\n\n\n<li><strong>Podczas pierwszej wizyty w Serwisie wy\u015bwietlany jest baner cookies<\/strong>, kt\u00f3ry umo\u017cliwia:<\/li>\n<\/ol>\n\n\n\n<ul>\n<li>wyra\u017cenie zgody na wszystkie pliki cookies,<\/li>\n\n\n\n<li>odmow\u0119 wyra\u017cenia zgody,<\/li>\n\n\n\n<li>zarz\u0105dzanie preferencjami i wyb\u00f3r poszczeg\u00f3lnych kategorii cookies.<\/li>\n<\/ul>\n\n\n\n<ol start=\"10\">\n<li><strong>Podstawy prawne przetwarzania<\/strong>:<\/li>\n<\/ol>\n\n\n\n<ul>\n<li>cookies niezb\u0119dne \u2013 art. 6 ust. 1 lit. f RODO (uzasadniony interes),<\/li>\n\n\n\n<li>cookies analityczne i marketingowe \u2013 art. 6 ust. 1 lit. a RODO (zgoda).<br><br>11. <strong>U\u017cytkownik mo\u017ce w ka\u017cdej chwili wycofa\u0107 zgod\u0119 lub zmieni\u0107 preferencje<\/strong> poprzez ponowne otwarcie ustawie\u0144 cookies (np. przycisk \u201eZmie\u0144 ustawienia cookies\u201d w stopce).<\/li>\n<\/ul>\n\n\n\n<div style=\"height:70px\" aria-hidden=\"true\" class=\"wp-block-spacer\"><\/div>\n\n\n\n<p class=\"has-text-align-center\"><strong>\u00a79. <strong><strong><strong>Inspektor Ochrony Danych Osobowych<\/strong><\/strong><\/strong><\/strong><\/p>\n\n\n\n<div style=\"height:15px\" aria-hidden=\"true\" class=\"wp-block-spacer\"><\/div>\n\n\n\n<ol>\n<li>Administrator nie powo\u0142a\u0142 Inspektora Ochrony Danych Osobowych (IODO) i wykonuje samodzielnie obowi\u0105zki zwi\u0105zane z przetwarzaniem danych osobowych.<\/li>\n<\/ol>\n\n\n\n<div style=\"height:70px\" aria-hidden=\"true\" class=\"wp-block-spacer\"><\/div>\n\n\n\n<p class=\"has-text-align-center\"><strong>\u00a710. <strong><strong><strong><strong>Postanowienia ko\u0144cowe<\/strong><\/strong><\/strong><\/strong><\/strong><\/p>\n\n\n\n<div style=\"height:15px\" aria-hidden=\"true\" class=\"wp-block-spacer\"><\/div>\n\n\n\n<ol>\n<li>W sprawach nieuregulowanych niniejsz\u0105 Polityk\u0105 Prywatno\u015bci zastosowanie maj\u0105 postanowienia Kodeksu cywilnego i odpowiednich ustaw prawa polskiego, a tak\u017ce prawa Unii Europejskiej, w szczeg\u00f3lno\u015bci RODO (Rozporz\u0105dzenie Parlamentu Europejskiego i Rady (UE) 2016\/679 z dnia 27 kwietnia 2016 r. w sprawie ochrony os\u00f3b fizycznych w zwi\u0105zku z przetwarzaniem danych osobowych i w sprawie swobodnego przep\u0142ywu takich danych oraz uchylenia dyrektywy 95\/46\/WE).<\/li>\n<\/ol>\n\n\n\n<div style=\"height:100px\" aria-hidden=\"true\" class=\"wp-block-spacer\"><\/div>\n\n\n\n<h4 class=\"wp-block-heading\"><a href=\"https:\/\/agatahoffa.com\/en\/polityka-prywatnosci-klauzula-do-programu-oferta-w-dzialaniu\/\">Klauzula do programu &#8222;Oferta w dzia\u0142aniu&#8221;<\/a><\/h4>\n\n\n\n<div style=\"height:100px\" aria-hidden=\"true\" class=\"wp-block-spacer\"><\/div>\n\n\n\n<div style=\"height:100px\" aria-hidden=\"true\" class=\"wp-block-spacer\"><\/div>","protected":false},"excerpt":{"rendered":"<p>\u00a71. Informacje og\u00f3lne \u00a72. Jakie informacje o Tobie przetwarzam i jak je pozyskuj\u0119 \u00a73. W jakich celach, na jakiej podstawie i jak d\u0142ugo przetwarzam Twoje dane osobowe \u00a74. Metody ochrony danych stosowane przez Administratora \u00a75. Twoje prawa i dodatkowe informacje o sposobie wykorzystania danych \u00a76. Informacje w formularzach \u00a77. Komu b\u0119d\u0105 przekazywane Twoje dane W&#8230;<\/p>","protected":false},"author":2,"featured_media":0,"parent":0,"menu_order":0,"comment_status":"closed","ping_status":"closed","template":"","meta":{"footnotes":""},"_links":{"self":[{"href":"https:\/\/agatahoffa.com\/en\/wp-json\/wp\/v2\/pages\/5140"}],"collection":[{"href":"https:\/\/agatahoffa.com\/en\/wp-json\/wp\/v2\/pages"}],"about":[{"href":"https:\/\/agatahoffa.com\/en\/wp-json\/wp\/v2\/types\/page"}],"author":[{"embeddable":true,"href":"https:\/\/agatahoffa.com\/en\/wp-json\/wp\/v2\/users\/2"}],"replies":[{"embeddable":true,"href":"https:\/\/agatahoffa.com\/en\/wp-json\/wp\/v2\/comments?post=5140"}],"version-history":[{"count":7,"href":"https:\/\/agatahoffa.com\/en\/wp-json\/wp\/v2\/pages\/5140\/revisions"}],"predecessor-version":[{"id":10203,"href":"https:\/\/agatahoffa.com\/en\/wp-json\/wp\/v2\/pages\/5140\/revisions\/10203"}],"wp:attachment":[{"href":"https:\/\/agatahoffa.com\/en\/wp-json\/wp\/v2\/media?parent=5140"}],"curies":[{"name":"wp","href":"https:\/\/api.w.org\/{rel}","templated":true}]}}