{"id":10139,"date":"2026-03-22T17:52:20","date_gmt":"2026-03-22T17:52:20","guid":{"rendered":"https:\/\/agatahoffa.com\/?post_type=product&#038;p=10139"},"modified":"2026-03-24T10:46:53","modified_gmt":"2026-03-24T10:46:53","slug":"dostep-do-kursu-twoja-kolejna-stabilna-oferta","status":"publish","type":"product","link":"https:\/\/agatahoffa.com\/en\/product\/dostep-do-kursu-twoja-kolejna-stabilna-oferta\/","title":{"rendered":"Dost\u0119p do kursu &#8222;Twoja kolejna stabilna oferta&#8221;"},"content":{"rendered":"<p>Dost\u0119p do materia\u0142\u00f3w z kursu &#8222;Twoja kolejna stabilna oferta&#8221;.<\/p>\n<p>Dost\u0119p jest wa\u017cny do 7 lipca 2026.<\/p>\n<p>&nbsp;<\/p>\n<p><i><span style=\"font-weight: 400;\">*<\/span><\/i><b><i>Informacja dla os\u00f3b kupuj\u0105cych na firm\u0119<\/i><\/b><\/p>\n<p>&nbsp;<\/p>\n<p><i><span style=\"font-weight: 400;\">Moja firma jest zarejestrowana w Norwegii. W przypadku wsp\u00f3\u0142pracy B2B z firmami z UE stosowany jest mechanizm odwrotnego obci\u0105\u017cenia VAT (reverse charge). Faktura wystawiana jest bez VAT, a obowi\u0105zek jego rozliczenia spoczywa na nabywcy zgodnie z przepisami jego kraju.<\/span><\/i><i><span style=\"font-weight: 400;\"><br \/>\n<\/span><\/i><i><span style=\"font-weight: 400;\"><br \/>\n<\/span><\/i><i><span style=\"font-weight: 400;\">Dla os\u00f3b prywatnych cena podana na stronie jest cen\u0105 ko\u0144cow\u0105.<\/span><\/i><\/p>\n<p>&nbsp;<\/p>\n<p><i><span style=\"font-weight: 400;\">W razie w\u0105tpliwo\u015bci warto skonsultowa\u0107 szczeg\u00f3\u0142y ze swoim ksi\u0119gowym.<\/span><\/i><\/p>","protected":false},"excerpt":{"rendered":"<p>Dost\u0119p do materia\u0142\u00f3w z kursu &#8222;Twoja kolejna stabilna oferta&#8221;.<\/p>","protected":false},"featured_media":10140,"comment_status":"open","ping_status":"closed","template":"","meta":[],"product_cat":[96],"product_tag":[],"_links":{"self":[{"href":"https:\/\/agatahoffa.com\/en\/wp-json\/wp\/v2\/product\/10139"}],"collection":[{"href":"https:\/\/agatahoffa.com\/en\/wp-json\/wp\/v2\/product"}],"about":[{"href":"https:\/\/agatahoffa.com\/en\/wp-json\/wp\/v2\/types\/product"}],"replies":[{"embeddable":true,"href":"https:\/\/agatahoffa.com\/en\/wp-json\/wp\/v2\/comments?post=10139"}],"wp:featuredmedia":[{"embeddable":true,"href":"https:\/\/agatahoffa.com\/en\/wp-json\/wp\/v2\/media\/10140"}],"wp:attachment":[{"href":"https:\/\/agatahoffa.com\/en\/wp-json\/wp\/v2\/media?parent=10139"}],"wp:term":[{"taxonomy":"product_cat","embeddable":true,"href":"https:\/\/agatahoffa.com\/en\/wp-json\/wp\/v2\/product_cat?post=10139"},{"taxonomy":"product_tag","embeddable":true,"href":"https:\/\/agatahoffa.com\/en\/wp-json\/wp\/v2\/product_tag?post=10139"}],"curies":[{"name":"wp","href":"https:\/\/api.w.org\/{rel}","templated":true}]}}