{"id":10186,"date":"2026-03-24T09:31:38","date_gmt":"2026-03-24T09:31:38","guid":{"rendered":"https:\/\/agatahoffa.com\/?post_type=product&#038;p=10186"},"modified":"2026-04-01T00:20:40","modified_gmt":"2026-04-01T00:20:40","slug":"oferta-w-dzialaniu-raty","status":"publish","type":"product","link":"https:\/\/agatahoffa.com\/en\/product\/oferta-w-dzialaniu-raty\/","title":{"rendered":"Oferta w dzia\u0142aniu | raty"},"content":{"rendered":"<p><b>Oferta w dzia\u0142aniu \u2013 program 90 dni<\/b><\/p>\n<p>&nbsp;<\/p>\n<p><span style=\"font-weight: 400;\">W 90 dni przechodzisz od pomys\u0142u do realnego testu i decyzji w biznesie.<\/span><\/p>\n<p>&nbsp;<\/p>\n<ul>\n<li><span style=\"font-weight: 400;\">7 spotka\u0144 mastermindowych<\/span><\/li>\n<li><span style=\"font-weight: 400;\">cotygodniowe sesje fokusowe (body doubling)<\/span><\/li>\n<li><span style=\"font-weight: 400;\">grupa wsparcia (WhatsApp)<\/span><\/li>\n<li><span style=\"font-weight: 400;\"><span style=\"font-weight: 400;\"><span style=\"font-weight: 400;\">spotkanie podsumowuj\u0105ce<\/span><\/span><\/span><\/li>\n<\/ul>\n<p><span style=\"font-weight: 400;\"><br \/>\nStart: 21 kwietnia 2026<br \/>\n<\/span><span style=\"font-weight: 400;\"><br \/>\n<\/span><span style=\"font-weight: 400;\">Online (Zoom)<\/span><\/p>\n<p>&nbsp;<\/p>\n<p>&nbsp;<\/p>\n<p>Pierwsza rata jest p\u0142atna w momencie zapisu.<\/p>\n<p>&nbsp;<\/p>\n<p>Druga rata jest p\u0142atna do <b>14 maja 2026<\/b><span style=\"font-weight: 400;\">.<\/span><\/p>\n<p>&nbsp;<\/p>\n<p><span style=\"font-weight: 400;\">Wybieraj\u0105c t\u0119 opcj\u0119, zobowi\u0105zujesz si\u0119 do op\u0142acenia drugiej cz\u0119\u015bci w tym terminie.<\/span><\/p>\n<p><span style=\"font-weight: 400;\">\u00a0<\/span><\/p>\n<p>&nbsp;<\/p>\n<p>&nbsp;<\/p>\n<p><i><span style=\"font-weight: 400;\">*<\/span><\/i><b><i>Informacja dla os\u00f3b kupuj\u0105cych na firm\u0119<\/i><\/b><\/p>\n<p>&nbsp;<\/p>\n<p>&nbsp;<\/p>\n<p><i><span style=\"font-weight: 400;\">Moja firma jest zarejestrowana w Norwegii. W przypadku wsp\u00f3\u0142pracy B2B z firmami z UE stosowany jest mechanizm odwrotnego obci\u0105\u017cenia VAT (reverse charge). Faktura wystawiana jest bez VAT, a obowi\u0105zek jego rozliczenia spoczywa na nabywcy zgodnie z przepisami jego kraju.<\/span><\/i><i><span style=\"font-weight: 400;\"><br \/>\n<\/span><\/i><i><span style=\"font-weight: 400;\"><br \/>\n<\/span><\/i><i><span style=\"font-weight: 400;\">Dla os\u00f3b prywatnych cena podana na stronie jest cen\u0105 ko\u0144cow\u0105.<\/span><\/i><\/p>\n<p>&nbsp;<\/p>\n<p>&nbsp;<\/p>\n<p><i><span style=\"font-weight: 400;\">W razie w\u0105tpliwo\u015bci warto skonsultowa\u0107 szczeg\u00f3\u0142y ze swoim ksi\u0119gowym.<\/span><\/i><\/p>","protected":false},"excerpt":{"rendered":"<p>W 90 dni przechodzisz od pomys\u0142u do pierwszych reakcji z rynku i konkretnych decyzji w biznesie.<\/p>","protected":false},"featured_media":10346,"comment_status":"open","ping_status":"closed","template":"","meta":[],"product_cat":[96],"product_tag":[],"_links":{"self":[{"href":"https:\/\/agatahoffa.com\/en\/wp-json\/wp\/v2\/product\/10186"}],"collection":[{"href":"https:\/\/agatahoffa.com\/en\/wp-json\/wp\/v2\/product"}],"about":[{"href":"https:\/\/agatahoffa.com\/en\/wp-json\/wp\/v2\/types\/product"}],"replies":[{"embeddable":true,"href":"https:\/\/agatahoffa.com\/en\/wp-json\/wp\/v2\/comments?post=10186"}],"wp:featuredmedia":[{"embeddable":true,"href":"https:\/\/agatahoffa.com\/en\/wp-json\/wp\/v2\/media\/10346"}],"wp:attachment":[{"href":"https:\/\/agatahoffa.com\/en\/wp-json\/wp\/v2\/media?parent=10186"}],"wp:term":[{"taxonomy":"product_cat","embeddable":true,"href":"https:\/\/agatahoffa.com\/en\/wp-json\/wp\/v2\/product_cat?post=10186"},{"taxonomy":"product_tag","embeddable":true,"href":"https:\/\/agatahoffa.com\/en\/wp-json\/wp\/v2\/product_tag?post=10186"}],"curies":[{"name":"wp","href":"https:\/\/api.w.org\/{rel}","templated":true}]}}