{"id":4659,"date":"2024-08-07T12:55:49","date_gmt":"2024-08-07T12:55:49","guid":{"rendered":"https:\/\/agatahoffa.com\/?post_type=product&#038;p=4659"},"modified":"2026-01-13T08:46:32","modified_gmt":"2026-01-13T08:46:32","slug":"konsultacja","status":"publish","type":"product","link":"https:\/\/agatahoffa.com\/en\/product\/konsultacja\/","title":{"rendered":"Konsultacja Indywidualna"},"content":{"rendered":"<p><b>Dla kogo jest ta sesja?<\/b><\/p>\n<p><span style=\"font-weight: 400;\">Dla os\u00f3b, kt\u00f3re <\/span><b>ju\u017c ze mn\u0105 pracowa\u0142y<\/b><span style=\"font-weight: 400;\"> w procesach 1:1, mastermindach lub Mastermind Lab i potrzebuj\u0105 wsparcia w bie\u017c\u0105cych tematach.<\/span><\/p>\n<p><span style=\"font-weight: 400;\">To sesja dla Ciebie, je\u015bli:<\/span><\/p>\n<ul>\n<li style=\"font-weight: 400;\" aria-level=\"1\"><span style=\"font-weight: 400;\">masz konkretny dylemat decyzyjny,<\/span><\/li>\n<li style=\"font-weight: 400;\" aria-level=\"1\"><span style=\"font-weight: 400;\">utkn\u0119\u0142a\u015b w jednym w\u0105tku,<\/span><\/li>\n<li style=\"font-weight: 400;\" aria-level=\"1\"><span style=\"font-weight: 400;\">potrzebujesz zewn\u0119trznej perspektywy,<\/span><\/li>\n<li style=\"font-weight: 400;\" aria-level=\"1\"><span style=\"font-weight: 400;\">chcesz \u201eodetka\u0107\u201d sytuacj\u0119 tu i teraz.<\/span><\/li>\n<\/ul>\n<p><b><br \/>\nNa czym polega?<\/b><\/p>\n<p><span style=\"font-weight: 400;\">To godzinna, praktyczna konsultacja nastawiona na aktualne realia.<\/span><\/p>\n<p><span style=\"font-weight: 400;\">Podczas sesji:<\/span><\/p>\n<ul>\n<li style=\"font-weight: 400;\" aria-level=\"1\"><span style=\"font-weight: 400;\">doprecyzowujemy konkretny w\u0105tek,<\/span><\/li>\n<li style=\"font-weight: 400;\" aria-level=\"1\"><span style=\"font-weight: 400;\">porz\u0105dkujemy decyzj\u0119,<\/span><\/li>\n<li style=\"font-weight: 400;\" aria-level=\"1\"><span style=\"font-weight: 400;\">omawiamy realny case z Twojej praktyki,<\/span><\/li>\n<li style=\"font-weight: 400;\" aria-level=\"1\"><span style=\"font-weight: 400;\">przygl\u0105damy si\u0119 temu, co dzia\u0142a, a co wymaga korekty.<\/span><\/li>\n<\/ul>\n<p><span style=\"font-weight: 400;\">Pracujemy bardziej <\/span><b>zadaniowo i sytuacyjnie<\/b><span style=\"font-weight: 400;\">, bez pe\u0142nej diagnozy od zera.<\/span><\/p>\n<p><b><br \/>\nCo daje ta sesja?<\/b><\/p>\n<ul>\n<li style=\"font-weight: 400;\" aria-level=\"1\"><span style=\"font-weight: 400;\">szybkie odci\u0105\u017cenie,<\/span><\/li>\n<li style=\"font-weight: 400;\" aria-level=\"1\"><span style=\"font-weight: 400;\">klarowno\u015b\u0107 w konkretnej decyzji,<\/span><\/li>\n<li style=\"font-weight: 400;\" aria-level=\"1\"><span style=\"font-weight: 400;\">wsparcie w codziennych realiach prowadzenia biznesu,<\/span><\/li>\n<li style=\"font-weight: 400;\" aria-level=\"1\"><span style=\"font-weight: 400;\">struktur\u0119 i zewn\u0119trzn\u0105 perspektyw\u0119,<\/span><\/li>\n<li style=\"font-weight: 400;\" aria-level=\"1\"><span style=\"font-weight: 400;\">superwizj\u0119 nad procesami, kt\u00f3re prowadzisz (np. mastermindami).<\/span><\/li>\n<\/ul>\n<p><b><br \/>\nDo czego ta sesja NIE s\u0142u\u017cy?<\/b><\/p>\n<ul>\n<li style=\"font-weight: 400;\" aria-level=\"1\"><span style=\"font-weight: 400;\">nie zast\u0119puje sesji strategicznej,<\/span><\/li>\n<li style=\"font-weight: 400;\" aria-level=\"1\"><span style=\"font-weight: 400;\">nie jest pierwszym krokiem wsp\u00f3\u0142pracy,<\/span><\/li>\n<li style=\"font-weight: 400;\" aria-level=\"1\"><span style=\"font-weight: 400;\">nie s\u0142u\u017cy do uk\u0142adania ca\u0142ego kierunku lub procesu,<\/span><\/li>\n<li style=\"font-weight: 400;\" aria-level=\"1\"><span style=\"font-weight: 400;\">nie jest przestrzeni\u0105 na g\u0142\u0119bok\u0105 analiz\u0119 r\u00f3l i to\u017csamo\u015bci.<\/span><\/li>\n<\/ul>\n<p><b><br \/>\nIdealna jako:<\/b><\/p>\n<ul>\n<li style=\"font-weight: 400;\" aria-level=\"1\"><span style=\"font-weight: 400;\">follow-up po mastermindzie,<\/span><\/li>\n<li style=\"font-weight: 400;\" aria-level=\"1\"><span style=\"font-weight: 400;\">superwizja dla absolwentek Mastermind Lab,<\/span><\/li>\n<li style=\"font-weight: 400;\" aria-level=\"1\"><span style=\"font-weight: 400;\">dodatkowa konsultacja mi\u0119dzy sesjami 1:1,<\/span><\/li>\n<li style=\"font-weight: 400;\" aria-level=\"1\"><span style=\"font-weight: 400;\">superwizja dla przysz\u0142ych lub aktywnych moderatorek.<\/span><\/li>\n<\/ul>\n<p><b><br \/>\nCena*: <\/b>450 z\u0142<b><br \/>\nForma:<\/b><span style=\"font-weight: 400;\"> spotkanie online (Zoom)<\/span><span style=\"font-weight: 400;\"><br \/>\n<\/span><b>Czas trwania:<\/b><span style=\"font-weight: 400;\"> 60 minut<\/span><\/p>\n<p>&nbsp;<\/p>\n<p><span style=\"font-weight: 400;\"><em>* <\/em><\/span><em><span style=\"font-weight: 400;\">Informacja dla os\u00f3b, kt\u00f3re potrzebuj\u0105 faktury za us\u0142ugi i produkty:<\/span><\/em><\/p>\n<p><em><span style=\"font-weight: 400;\">Dla firm (B2B): moja firma jest zarejestrowana w Norwegii. Przy wsp\u00f3\u0142pracy B2B z firmami z UE stosowany jest mechanizm odwrotnego obci\u0105\u017cenia VAT (reverse charge). Faktura wystawiana jest bez VAT, a obowi\u0105zek jego rozliczenia spoczywa na nabywcy us\u0142ugi zgodnie z przepisami jego kraju.<\/span><\/em><\/p>\n<p><em><span style=\"font-weight: 400;\">Dla os\u00f3b fizycznych (B2C): w przypadku zakupu przez osoby prywatne cena podana na stronie jest cen\u0105 ko\u0144cow\u0105. Ewentualny podatek VAT jest rozliczany zgodnie z obowi\u0105zuj\u0105cymi przepisami i wliczony w cen\u0119.<\/span><\/em><\/p>\n<p><em><span style=\"font-weight: 400;\">W razie dodatkowych pyta\u0144, skontaktuj si\u0119 z ksi\u0119gow\u0105\/ksi\u0119gowym, oni doskonale znaj\u0105 ten temat i z pewno\u015bci\u0105 pomog\u0105 Ci lepiej go zrozumie\u0107.<\/span><\/em><\/p>","protected":false},"excerpt":{"rendered":"<p><span style=\"font-weight: 400;\">Mo\u017ce udzia\u0142 w mastermindzie doda\u0142 Ci tyle niespo\u017cytkowanej energii, \u017ce potrzebujesz wi\u0119cej spotka\u0144, aby wszystko przedyskutowa\u0107. A mo\u017ce nie lubisz dzia\u0142a\u0107 w grupie i wolisz pracowa\u0107 nad biznesem z jedn\u0105 zaufan\u0105 osob\u0105. Je\u015bli tak, um\u00f3wmy si\u0119 na konsultacj\u0119.<\/span><\/p>","protected":false},"featured_media":8904,"comment_status":"open","ping_status":"closed","template":"","meta":[],"product_cat":[71],"product_tag":[],"_links":{"self":[{"href":"https:\/\/agatahoffa.com\/en\/wp-json\/wp\/v2\/product\/4659"}],"collection":[{"href":"https:\/\/agatahoffa.com\/en\/wp-json\/wp\/v2\/product"}],"about":[{"href":"https:\/\/agatahoffa.com\/en\/wp-json\/wp\/v2\/types\/product"}],"replies":[{"embeddable":true,"href":"https:\/\/agatahoffa.com\/en\/wp-json\/wp\/v2\/comments?post=4659"}],"wp:featuredmedia":[{"embeddable":true,"href":"https:\/\/agatahoffa.com\/en\/wp-json\/wp\/v2\/media\/8904"}],"wp:attachment":[{"href":"https:\/\/agatahoffa.com\/en\/wp-json\/wp\/v2\/media?parent=4659"}],"wp:term":[{"taxonomy":"product_cat","embeddable":true,"href":"https:\/\/agatahoffa.com\/en\/wp-json\/wp\/v2\/product_cat?post=4659"},{"taxonomy":"product_tag","embeddable":true,"href":"https:\/\/agatahoffa.com\/en\/wp-json\/wp\/v2\/product_tag?post=4659"}],"curies":[{"name":"wp","href":"https:\/\/api.w.org\/{rel}","templated":true}]}}