{"id":4802,"date":"2024-08-12T09:06:05","date_gmt":"2024-08-12T09:06:05","guid":{"rendered":"https:\/\/agatahoffa.com\/?post_type=product&#038;p=4802"},"modified":"2026-04-02T11:40:40","modified_gmt":"2026-04-02T11:40:40","slug":"pop-up-mastermind","status":"publish","type":"product","link":"https:\/\/agatahoffa.com\/en\/product\/pop-up-mastermind\/","title":{"rendered":"Pop-Up Mastermind"},"content":{"rendered":"<h5>Co na Ciebie czeka?<\/h5>\n<ul>\n<li><span style=\"font-weight: 400;\">~1,5-godzinne spotkanie w formule mastermindowej<\/span><\/li>\n<li><span style=\"font-weight: 400;\">grupa przedsi\u0119biorczy\u0144, kt\u00f3re tak jak Ty szukaj\u0105 pomocy, a jednocze\u015bnie mog\u0105 Ci j\u0105 zaoferowa\u0107<\/span><\/li>\n<li>rozwi\u0105zanie problemu lub nowe spojrzenie na to, z czym si\u0119 mierzysz<\/li>\n<li>opieka moderatorki <span style=\"font-weight: 400;\">\u2013 spotkania z ustalon\u0105 struktur\u0105 i ramami czasowymi, nic si\u0119 nie roz\u0142azi<\/span><\/li>\n<\/ul>\n<p>&nbsp;<\/p>\n<h5>Gdzie?<\/h5>\n<p><span style=\"font-weight: 400;\">Spotykamy si\u0119 na platformie Zoom.<\/span><\/p>\n<p>&nbsp;<\/p>\n<h5>Cena:<\/h5>\n<p><span style=\"font-weight: 400;\">Cena: 270 z\u0142<\/span><\/p>\n<p>&nbsp;<\/p>\n<h5>Kiedy?<\/h5>\n<p>15 maja 2026, g.\u00a011:00<\/p>\n<p>&nbsp;<\/p>\n<p><span style=\"font-weight: 400;\"><strong>Spotkanie nie jest nagrywane<\/strong>, pracujemy na \u017cywo i to wtedy dzieje si\u0119 ca\u0142a warto\u015b\u0107.<\/p>\n<p><\/span><\/p>\n<p>&nbsp;<\/p>\n<p>&nbsp;<\/p>\n<p>*<b><i>Informacja dla os\u00f3b kupuj\u0105cych na firm\u0119<\/i><\/b><\/p>\n<p>&nbsp;<\/p>\n<p>&nbsp;<\/p>\n<p><i><span style=\"font-weight: 400;\">Moja firma jest zarejestrowana w Norwegii. W przypadku wsp\u00f3\u0142pracy B2B z firmami z UE stosowany jest mechanizm odwrotnego obci\u0105\u017cenia VAT (reverse charge). Faktura wystawiana jest bez VAT, a obowi\u0105zek jego rozliczenia spoczywa na nabywcy zgodnie z przepisami jego kraju.<\/span><\/i><i><span style=\"font-weight: 400;\"><br \/>\n<\/span><\/i><i><span style=\"font-weight: 400;\"><br \/>\n<\/span><\/i><i><span style=\"font-weight: 400;\">Dla os\u00f3b prywatnych cena podana na stronie jest cen\u0105 ko\u0144cow\u0105.<\/span><\/i><\/p>\n<p>&nbsp;<\/p>\n<p>&nbsp;<\/p>\n<p><i><span style=\"font-weight: 400;\">W razie w\u0105tpliwo\u015bci warto skonsultowa\u0107 szczeg\u00f3\u0142y ze swoim ksi\u0119gowym.<\/span><\/i><\/p>","protected":false},"excerpt":{"rendered":"<p><span style=\"font-weight: 400;\">Masz pytania o biznes, kt\u00f3re domagaj\u0105 si\u0119 odpowiedzi? Mo\u017cesz w ka\u017cdej chwili wskoczy\u0107 na pop-up mastermind i poszuka\u0107 rozwi\u0105za\u0144 ze mn\u0105 i z innymi przedsi\u0119biorczyniami!<\/span><\/p>","protected":false},"featured_media":10349,"comment_status":"open","ping_status":"closed","template":"","meta":[],"product_cat":[96],"product_tag":[],"_links":{"self":[{"href":"https:\/\/agatahoffa.com\/en\/wp-json\/wp\/v2\/product\/4802"}],"collection":[{"href":"https:\/\/agatahoffa.com\/en\/wp-json\/wp\/v2\/product"}],"about":[{"href":"https:\/\/agatahoffa.com\/en\/wp-json\/wp\/v2\/types\/product"}],"replies":[{"embeddable":true,"href":"https:\/\/agatahoffa.com\/en\/wp-json\/wp\/v2\/comments?post=4802"}],"wp:featuredmedia":[{"embeddable":true,"href":"https:\/\/agatahoffa.com\/en\/wp-json\/wp\/v2\/media\/10349"}],"wp:attachment":[{"href":"https:\/\/agatahoffa.com\/en\/wp-json\/wp\/v2\/media?parent=4802"}],"wp:term":[{"taxonomy":"product_cat","embeddable":true,"href":"https:\/\/agatahoffa.com\/en\/wp-json\/wp\/v2\/product_cat?post=4802"},{"taxonomy":"product_tag","embeddable":true,"href":"https:\/\/agatahoffa.com\/en\/wp-json\/wp\/v2\/product_tag?post=4802"}],"curies":[{"name":"wp","href":"https:\/\/api.w.org\/{rel}","templated":true}]}}