{"id":5262,"date":"2024-08-27T08:50:40","date_gmt":"2024-08-27T08:50:40","guid":{"rendered":"https:\/\/agatahoffa.com\/?post_type=product&#038;p=5262"},"modified":"2026-01-13T08:45:33","modified_gmt":"2026-01-13T08:45:33","slug":"mastermind-dla-wlascicieli-biznesow-bilet","status":"publish","type":"product","link":"https:\/\/agatahoffa.com\/en\/product\/mastermind-dla-wlascicieli-biznesow-bilet\/","title":{"rendered":"6-miesi\u0119czny mastermind online dla w\u0142a\u015bcicieli biznes\u00f3w"},"content":{"rendered":"<h5>Co na Ciebie czeka?<\/h5>\n<ul>\n<li><span style=\"font-weight: 400;\">6 miesi\u0119cy wsp\u00f3lnej pracy<\/span><\/li>\n<li><span style=\"font-weight: 400;\">12 moderowanych spotka\u0144 online co 2 tygodnie<\/span><\/li>\n<li><span style=\"font-weight: 400;\">kameralna 6-osobowa grupa \u2013 dobrana przy uwzgl\u0119dnieniu potrzeb, cel\u00f3w i poziomu zaawansowania uczestnik\u00f3w<\/span><\/li>\n<li><span style=\"font-weight: 400;\">skupienie na wzro\u015bcie Twojego biznesu<\/span><\/li>\n<li><span style=\"font-weight: 400;\">opieka do\u015bwiadczonej moderatorki \u2013 spotkania z ustalon\u0105 struktur\u0105 i ramami czasowymi, nic si\u0119 nie roz\u0142azi<\/span><span style=\"font-weight: 400;\">\u00a0<\/span><br style=\"font-weight: 400;\" \/><br style=\"font-weight: 400;\" \/><\/li>\n<\/ul>\n<p>&nbsp;<\/p>\n<h5>Gdzie?<\/h5>\n<p class=\"elementor-widget-container\"><span style=\"font-weight: 400;\">Spotykamy si\u0119 na platformie Zoom.<\/span><\/p>\n<p>&nbsp;<\/p>\n<h5 class=\"elementor-widget-container\">Cena i metoda p\u0142atno\u015bci:<\/h5>\n<p><span style=\"font-weight: 400;\">Cena*: 4500 z\u0142 brutto za ca\u0142o\u015b\u0107, mo\u017cliwo\u015b\u0107 p\u0142atno\u015bci w 5 ratach po 900 z\u0142.\u00a0<\/span><\/p>\n<p><span style=\"font-weight: 400;\">\u00a0<\/span><\/p>\n<p><span style=\"font-weight: 400;\">*Mo\u017cesz wp\u0142aci\u0107 ca\u0142o\u015b\u0107 z g\u00f3ry lub ratami co miesi\u0105c.<\/span><\/p>\n<p>&nbsp;<\/p>\n<p><span style=\"font-weight: 400;\"><em>* <\/em><\/span><em><span style=\"font-weight: 400;\">Informacja dla os\u00f3b, kt\u00f3re potrzebuj\u0105 faktury za us\u0142ugi i produkty:<\/span><\/em><\/p>\n<p><em><span style=\"font-weight: 400;\">Dla firm (B2B): moja firma jest zarejestrowana w Norwegii. Przy wsp\u00f3\u0142pracy B2B z firmami z UE stosowany jest mechanizm odwrotnego obci\u0105\u017cenia VAT (reverse charge). Faktura wystawiana jest bez VAT, a obowi\u0105zek jego rozliczenia spoczywa na nabywcy us\u0142ugi zgodnie z przepisami jego kraju.<\/span><\/em><\/p>\n<p><em><span style=\"font-weight: 400;\">Dla os\u00f3b fizycznych (B2C): w przypadku zakupu przez osoby prywatne cena podana na stronie jest cen\u0105 ko\u0144cow\u0105. Ewentualny podatek VAT jest rozliczany zgodnie z obowi\u0105zuj\u0105cymi przepisami i wliczony w cen\u0119.<\/span><\/em><\/p>\n<p><em><span style=\"font-weight: 400;\">W razie dodatkowych pyta\u0144, skontaktuj si\u0119 z ksi\u0119gow\u0105\/ksi\u0119gowym, oni doskonale znaj\u0105 ten temat i z pewno\u015bci\u0105 pomog\u0105 Ci lepiej go zrozumie\u0107.<\/span><\/em><\/p>","protected":false},"excerpt":{"rendered":"<p><span style=\"font-weight: 400;\">Do\u0142\u0105cz do swojej biznesowej grupy wsparcia, w kt\u00f3rej nie narzekamy, tylko dzia\u0142amy. To mastermind dla os\u00f3b, kt\u00f3re chc\u0105 zauwa\u017calnie rozwin\u0105\u0107 sw\u00f3j biznes. B\u0119dziesz systematycznie omawia\u0107 swoje biznesowe w\u0105tpliwo\u015bci, ustalisz cel, kt\u00f3ry wreszcie zrealizujesz, i dostaniesz natychmiastow\u0105 pomoc, gdy nagle utkniesz. Wszystko pod okiem do\u015bwiadczonej i pe\u0142nej zapa\u0142u moderatorki. \u00a0 <\/span><\/p>","protected":false},"featured_media":8835,"comment_status":"open","ping_status":"closed","template":"","meta":[],"product_cat":[68],"product_tag":[],"_links":{"self":[{"href":"https:\/\/agatahoffa.com\/en\/wp-json\/wp\/v2\/product\/5262"}],"collection":[{"href":"https:\/\/agatahoffa.com\/en\/wp-json\/wp\/v2\/product"}],"about":[{"href":"https:\/\/agatahoffa.com\/en\/wp-json\/wp\/v2\/types\/product"}],"replies":[{"embeddable":true,"href":"https:\/\/agatahoffa.com\/en\/wp-json\/wp\/v2\/comments?post=5262"}],"wp:featuredmedia":[{"embeddable":true,"href":"https:\/\/agatahoffa.com\/en\/wp-json\/wp\/v2\/media\/8835"}],"wp:attachment":[{"href":"https:\/\/agatahoffa.com\/en\/wp-json\/wp\/v2\/media?parent=5262"}],"wp:term":[{"taxonomy":"product_cat","embeddable":true,"href":"https:\/\/agatahoffa.com\/en\/wp-json\/wp\/v2\/product_cat?post=5262"},{"taxonomy":"product_tag","embeddable":true,"href":"https:\/\/agatahoffa.com\/en\/wp-json\/wp\/v2\/product_tag?post=5262"}],"curies":[{"name":"wp","href":"https:\/\/api.w.org\/{rel}","templated":true}]}}