{"id":8836,"date":"2025-11-29T20:12:27","date_gmt":"2025-11-29T20:12:27","guid":{"rendered":"https:\/\/agatahoffa.com\/?post_type=product&#038;p=8836"},"modified":"2026-01-13T08:41:48","modified_gmt":"2026-01-13T08:41:48","slug":"masterclass-prokrastynacja-i-regularnosc-jak-budowac-rytm-pracy-w-biznesie-mimo-adhd","status":"publish","type":"product","link":"https:\/\/agatahoffa.com\/en\/product\/masterclass-prokrastynacja-i-regularnosc-jak-budowac-rytm-pracy-w-biznesie-mimo-adhd\/","title":{"rendered":"Masterclass: Prokrastynacja i regularno\u015b\u0107 \u2013 jak budowa\u0107 rytm pracy w biznesie mimo ADHD?"},"content":{"rendered":"<p><span style=\"font-weight: 400;\">Masz pomys\u0142y, marzenia i motywacj\u0119, ale trudno Ci utrzyma\u0107 rytm pracy?<\/span><span style=\"font-weight: 400;\"><br \/>\n<\/span><span style=\"font-weight: 400;\">Dzia\u0142asz zrywami? Planujesz, ale realizacja nie idzie?<\/span><span style=\"font-weight: 400;\"><br \/>\n<\/span><span style=\"font-weight: 400;\">Masz ADHD lub podejrzewasz, \u017ce Twoja g\u0142owa po prostu \u201edzia\u0142a inaczej\u201d?<\/span><\/p>\n<p><span style=\"font-weight: 400;\">Ten masterclass pomo\u017ce Ci lepiej zrozumie\u0107, co si\u0119 dzieje i jak mo\u017cesz zbudowa\u0107 spos\u00f3b pracy, kt\u00f3ry naprawd\u0119 dzia\u0142a <\/span><i><span style=\"font-weight: 400;\">dla Ciebie<\/span><\/i><span style=\"font-weight: 400;\">, zamiast przeciwko Tobie.<\/span><span style=\"font-weight: 400;\"><br \/>\n<\/span><span style=\"font-weight: 400;\"><br \/>\n<\/span><b>&#x1f4a1; Temat: Prokrastynacja i regularno\u015b\u0107 \u2013 jak budowa\u0107 rytm pracy w biznesie mimo ADHD?<\/b><\/p>\n<p>&nbsp;<\/p>\n<p><span style=\"font-weight: 400;\">Spotkanie poprowadzi <\/span><b>Beata Skrzymowska<\/b><span style=\"font-weight: 400;\"> \u2013 coachka biznesowa i ADHD, kt\u00f3ra wspiera osoby neuroatypowe w tworzeniu biznes\u00f3w na w\u0142asnych zasadach.<\/span><span style=\"font-weight: 400;\"><br \/>\n<\/span><span style=\"font-weight: 400;\">Beata dzieli si\u0119 konkretnymi strategiami, kt\u00f3re nie wymagaj\u0105 \u201enaprawiania siebie\u201d, tylko wspieraj\u0105 Tw\u00f3j naturalny spos\u00f3b funkcjonowania.<\/span><\/p>\n<p><b><br \/>\n&#x2714;&#xfe0f; Z tego masterclassu dowiesz si\u0119:<\/b><b><br \/>\n<\/b><b><br \/>\n<\/b><span style=\"font-weight: 400;\">\u2013 Jak dzia\u0142a ADHD w kontek\u015bcie planowania i dzia\u0142ania<\/span><span style=\"font-weight: 400;\"><br \/>\n<\/span><span style=\"font-weight: 400;\">\u2013 Dlaczego popularne systemy produktywno\u015bci cz\u0119sto nie dzia\u0142aj\u0105<\/span><span style=\"font-weight: 400;\"><br \/>\n<\/span><span style=\"font-weight: 400;\">\u2013 Co naprawd\u0119 pomaga ruszy\u0107 z miejsca<\/span><span style=\"font-weight: 400;\"><br \/>\n<\/span><span style=\"font-weight: 400;\">\u2013 Jak znale\u017a\u0107 w\u0142asny rytm pracy i energii<\/span><span style=\"font-weight: 400;\"><br \/>\n<\/span><span style=\"font-weight: 400;\">\u2013 Jak przesta\u0107 si\u0119 zadr\u0119cza\u0107 i dzia\u0142a\u0107 w zgodzie ze sob\u0105<\/span><\/p>\n<p><span style=\"font-weight: 400;\"><br \/>\n<\/span><b>&#x2714;&#xfe0f; Po tym spotkaniu:<\/b><\/p>\n<p>&nbsp;<\/p>\n<p><span style=\"font-weight: 400;\">\u2013 poczujesz ulg\u0119, \u017ce nie jeste\u015b w tym sam_<\/span><span style=\"font-weight: 400;\"><br \/>\n<\/span><span style=\"font-weight: 400;\">\u2013 dowiesz si\u0119, jak lepiej pracowa\u0107 z w\u0142asn\u0105 energi\u0105 i rytmem<\/span><span style=\"font-weight: 400;\"><br \/>\n<\/span><span style=\"font-weight: 400;\">\u2013 poznasz strategie, kt\u00f3re mo\u017cesz od razu wdro\u017cy\u0107<\/span><b><br \/>\n<\/b><b><br \/>\n<\/b><span style=\"font-weight: 400;\">Zadbaj o sw\u00f3j rytm pracy na w\u0142asnych zasadach.<\/span><span style=\"font-weight: 400;\"><br \/>\n<\/span><span style=\"font-weight: 400;\"><br \/>\n<\/span><b>Czas trwania: <\/b><span style=\"font-weight: 400;\">1,5h<\/span><span style=\"font-weight: 400;\"><br \/>\n<\/span><span style=\"font-weight: 400;\"><br \/>\n<\/span><b>Cena*:<\/b><span style=\"font-weight: 400;\"> 129 z\u0142<\/span><\/p>\n<p><b><br \/>\nDost\u0119p: <\/b><span style=\"font-weight: 400;\">nieograniczony czasowo<\/span><\/p>\n<p>&nbsp;<\/p>\n<p><em>* <\/em><em><span style=\"font-weight: 400;\">Informacja dla os\u00f3b, kt\u00f3re potrzebuj\u0105 faktury za us\u0142ugi i produkty:<\/span><\/em><\/p>\n<p><em><span style=\"font-weight: 400;\">Dla firm (B2B): moja firma jest zarejestrowana w Norwegii. Przy wsp\u00f3\u0142pracy B2B z firmami z UE stosowany jest mechanizm odwrotnego obci\u0105\u017cenia VAT (reverse charge). Faktura wystawiana jest bez VAT, a obowi\u0105zek jego rozliczenia spoczywa na nabywcy us\u0142ugi zgodnie z przepisami jego kraju.<\/span><\/em><\/p>\n<p><em><span style=\"font-weight: 400;\">Dla os\u00f3b fizycznych (B2C): w przypadku zakupu przez osoby prywatne cena podana na stronie jest cen\u0105 ko\u0144cow\u0105. Ewentualny podatek VAT jest rozliczany zgodnie z obowi\u0105zuj\u0105cymi przepisami i wliczony w cen\u0119.<\/span><\/em><\/p>\n<p><em><span style=\"font-weight: 400;\">W razie dodatkowych pyta\u0144, skontaktuj si\u0119 z ksi\u0119gow\u0105\/ksi\u0119gowym, oni doskonale znaj\u0105 ten temat i z pewno\u015bci\u0105 pomog\u0105 Ci lepiej go zrozumie\u0107.<\/span><\/em><\/p>","protected":false},"excerpt":{"rendered":"<p><strong data-start=\"890\" data-end=\"974\">Praktyczny masterclass o prokrastynacji, regularno\u015bci i pracy z ADHD w biznesie.<\/strong> Konkretne strategie, kt\u00f3re mo\u017cesz wdro\u017cy\u0107 od razu.<\/p>","protected":false},"featured_media":8837,"comment_status":"open","ping_status":"closed","template":"","meta":[],"product_cat":[92],"product_tag":[],"_links":{"self":[{"href":"https:\/\/agatahoffa.com\/en\/wp-json\/wp\/v2\/product\/8836"}],"collection":[{"href":"https:\/\/agatahoffa.com\/en\/wp-json\/wp\/v2\/product"}],"about":[{"href":"https:\/\/agatahoffa.com\/en\/wp-json\/wp\/v2\/types\/product"}],"replies":[{"embeddable":true,"href":"https:\/\/agatahoffa.com\/en\/wp-json\/wp\/v2\/comments?post=8836"}],"wp:featuredmedia":[{"embeddable":true,"href":"https:\/\/agatahoffa.com\/en\/wp-json\/wp\/v2\/media\/8837"}],"wp:attachment":[{"href":"https:\/\/agatahoffa.com\/en\/wp-json\/wp\/v2\/media?parent=8836"}],"wp:term":[{"taxonomy":"product_cat","embeddable":true,"href":"https:\/\/agatahoffa.com\/en\/wp-json\/wp\/v2\/product_cat?post=8836"},{"taxonomy":"product_tag","embeddable":true,"href":"https:\/\/agatahoffa.com\/en\/wp-json\/wp\/v2\/product_tag?post=8836"}],"curies":[{"name":"wp","href":"https:\/\/api.w.org\/{rel}","templated":true}]}}